{"id":326,"date":"2018-04-25T20:52:45","date_gmt":"2018-04-25T20:52:45","guid":{"rendered":"http:\/\/oscetvrta.edu.ba\/?page_id=326"},"modified":"2025-09-25T12:43:35","modified_gmt":"2025-09-25T12:43:35","slug":"vijece-ucenika","status":"publish","type":"page","link":"https:\/\/oscetvrta.edu.ba\/?page_id=326","title":{"rendered":"Vije\u0107e u\u010denika"},"content":{"rendered":"<p><strong>\u00a0<\/strong><strong>\u010cLANOVI VIJE\u0106A U\u010cENIKA U \u0160K. 2025\/2026.. GODINI<\/strong><\/p>\n<div class=\"ead-preview\"><div class=\"ead-document\" style=\"position: relative;padding-top: 90%;\"><iframe src=\"\/\/view.officeapps.live.com\/op\/embed.aspx?src=http%3A%2F%2Foscetvrta.edu.ba%2Fwp-content%2Fuploads%2F2025%2F09%2Fvijece-ucenika202526..docx\" title=\"Embedded Document\" class=\"ead-iframe\" style=\"width: 100%;height: 100%;border: none;position: absolute;left: 0;top: 0;\"><\/iframe><\/div><\/div>\n<p>&nbsp;<\/p>\n<p>&nbsp;<\/p>\n","protected":false},"excerpt":{"rendered":"<p>\u00a0\u010cLANOVI VIJE\u0106A U\u010cENIKA U \u0160K. 2025\/2026.. GODINI &nbsp; &nbsp;<\/p>\n","protected":false},"author":2,"featured_media":0,"parent":0,"menu_order":0,"comment_status":"closed","ping_status":"closed","template":"","meta":{"footnotes":""},"class_list":["post-326","page","type-page","status-publish","hentry"],"_links":{"self":[{"href":"https:\/\/oscetvrta.edu.ba\/index.php?rest_route=\/wp\/v2\/pages\/326","targetHints":{"allow":["GET"]}}],"collection":[{"href":"https:\/\/oscetvrta.edu.ba\/index.php?rest_route=\/wp\/v2\/pages"}],"about":[{"href":"https:\/\/oscetvrta.edu.ba\/index.php?rest_route=\/wp\/v2\/types\/page"}],"author":[{"embeddable":true,"href":"https:\/\/oscetvrta.edu.ba\/index.php?rest_route=\/wp\/v2\/users\/2"}],"replies":[{"embeddable":true,"href":"https:\/\/oscetvrta.edu.ba\/index.php?rest_route=%2Fwp%2Fv2%2Fcomments&post=326"}],"version-history":[{"count":15,"href":"https:\/\/oscetvrta.edu.ba\/index.php?rest_route=\/wp\/v2\/pages\/326\/revisions"}],"predecessor-version":[{"id":2393,"href":"https:\/\/oscetvrta.edu.ba\/index.php?rest_route=\/wp\/v2\/pages\/326\/revisions\/2393"}],"wp:attachment":[{"href":"https:\/\/oscetvrta.edu.ba\/index.php?rest_route=%2Fwp%2Fv2%2Fmedia&parent=326"}],"curies":[{"name":"wp","href":"https:\/\/api.w.org\/{rel}","templated":true}]}}