{"id":299,"date":"2018-04-25T19:45:47","date_gmt":"2018-04-25T19:45:47","guid":{"rendered":"http:\/\/oscetvrta.edu.ba\/?page_id=299"},"modified":"2026-02-14T20:11:51","modified_gmt":"2026-02-14T20:11:51","slug":"tehnicko-osoblje","status":"publish","type":"page","link":"https:\/\/oscetvrta.edu.ba\/?page_id=299","title":{"rendered":"Tehni\u010dko osoblje"},"content":{"rendered":"<p style=\"text-align: left;\"><span style=\"font-size: 14pt;\"><strong>Amela Mujan <\/strong>, radnik na poslu\u017eivanju obroka\u00a0<\/span><\/p>\n<p style=\"text-align: left;\"><span style=\"font-size: 14pt;\"><strong style=\"font-size: 18.6667px;\">Semir\u00a0<\/strong><strong>Sal\u010din <\/strong>, radnik za servisno-tehni\u010dku podr\u0161ku\u00a0<\/span><\/p>\n<p style=\"text-align: left;\"><span style=\"font-size: 14pt;\"><strong style=\"font-size: 18.6667px;\">Nazifa\u00a0<\/strong><strong>Hamzi\u0107 <\/strong>, radnik na odr\u017eavanju higijene\u00a0<\/span><\/p>\n<p style=\"text-align: left;\"><span style=\"font-size: 14pt;\"><strong style=\"font-size: 18.6667px;\">Mirzeta\u00a0<\/strong><strong>Durmo <\/strong>, radnik na odr\u017eavanju higijene\u00a0<\/span><\/p>\n<p style=\"text-align: left;\"><span style=\"font-size: 14pt;\"><strong style=\"font-size: 18.6667px;\">Sabina\u00a0<\/strong><strong>Fako <\/strong>, radnik na odr\u017eavanju higijene<\/span><\/p>\n<p><span style=\"font-size: 14pt;\"><strong style=\"font-size: 18.6667px;\">Belma Lindov, <\/strong>radnik na odr\u017eavanju higijene<\/span><\/p>\n<p><span style=\"font-size: 14pt;\"><strong>Durmo Jasmin<\/strong>, radnik za servisno-tehni\u010dku podr\u0161ku<br \/>\n<\/span><span style=\"font-size: 14pt;\"><br \/>\n<strong>Durmo Zajim<\/strong> , dnevni \u010duvar zadu\u017een za sigurnost<\/p>\n<p><strong>Hasi\u0107 Mersat<\/strong>, dnevni \u010duvar zadu\u017een za sigurnost\u00a0<\/span><\/p>\n<p>&nbsp;<\/p>\n","protected":false},"excerpt":{"rendered":"<p>Amela Mujan , radnik na poslu\u017eivanju obroka\u00a0 Semir\u00a0Sal\u010din , radnik za servisno-tehni\u010dku podr\u0161ku\u00a0 Nazifa\u00a0Hamzi\u0107 , radnik na odr\u017eavanju higijene\u00a0 Mirzeta\u00a0Durmo , radnik na odr\u017eavanju higijene\u00a0 Sabina\u00a0Fako , radnik na odr\u017eavanju higijene Belma Lindov, radnik na odr\u017eavanju higijene Durmo Jasmin, radnik<\/p>\n","protected":false},"author":2,"featured_media":0,"parent":0,"menu_order":0,"comment_status":"closed","ping_status":"closed","template":"","meta":{"footnotes":""},"class_list":["post-299","page","type-page","status-publish","hentry"],"_links":{"self":[{"href":"https:\/\/oscetvrta.edu.ba\/index.php?rest_route=\/wp\/v2\/pages\/299","targetHints":{"allow":["GET"]}}],"collection":[{"href":"https:\/\/oscetvrta.edu.ba\/index.php?rest_route=\/wp\/v2\/pages"}],"about":[{"href":"https:\/\/oscetvrta.edu.ba\/index.php?rest_route=\/wp\/v2\/types\/page"}],"author":[{"embeddable":true,"href":"https:\/\/oscetvrta.edu.ba\/index.php?rest_route=\/wp\/v2\/users\/2"}],"replies":[{"embeddable":true,"href":"https:\/\/oscetvrta.edu.ba\/index.php?rest_route=%2Fwp%2Fv2%2Fcomments&post=299"}],"version-history":[{"count":9,"href":"https:\/\/oscetvrta.edu.ba\/index.php?rest_route=\/wp\/v2\/pages\/299\/revisions"}],"predecessor-version":[{"id":2686,"href":"https:\/\/oscetvrta.edu.ba\/index.php?rest_route=\/wp\/v2\/pages\/299\/revisions\/2686"}],"wp:attachment":[{"href":"https:\/\/oscetvrta.edu.ba\/index.php?rest_route=%2Fwp%2Fv2%2Fmedia&parent=299"}],"curies":[{"name":"wp","href":"https:\/\/api.w.org\/{rel}","templated":true}]}}