{"id":27,"date":"2017-04-05T09:47:47","date_gmt":"2017-04-05T09:47:47","guid":{"rendered":"http:\/\/oscetvrta.edu.ba\/?page_id=27"},"modified":"2026-02-11T14:20:05","modified_gmt":"2026-02-11T14:20:05","slug":"historijat-skole-2","status":"publish","type":"page","link":"https:\/\/oscetvrta.edu.ba\/?page_id=27","title":{"rendered":"Historijat \u0161kole"},"content":{"rendered":"<p><span style=\"color: #000000; font-family: Calibri;\">\u00a0<\/span><\/p>\n<p style=\"text-align: center;\"><span style=\"color: #000000; font-family: Calibri;\"><strong>\u00a0<\/strong><\/span><\/p>\n<p style=\"text-align: center;\"><span style=\"color: #000000; font-family: helvetica, arial, sans-serif; font-size: 18pt;\"><strong>HISTORIJAT<\/strong><\/span><\/p>\n<p>&nbsp;<\/p>\n<p style=\"text-align: left;\"><span style=\"color: #000000; font-family: 'book antiqua', palatino, serif;\">OSNIVANJE<\/span><\/p>\n<p>&nbsp;<\/p>\n<p style=\"text-align: left;\"><span style=\"font-family: 'times new roman', times, serif;\"><span style=\"color: #000000;\">Na\u0161a \u0161kola je osnovana 1968. godine<\/span><span style=\"color: #000000;\">\u00a0 <\/span><span style=\"color: #000000;\">za \u0161kolsko podru\u010dje dio MZ Hrasnica I i naselja Grlica, Krupac i Vojkovi\u0107i. Do 1992.godine je nosila naziv \u201cHasan Brki\u0107\u201d i u svom sastavu je imala podru\u010dnu \u0161kolu u Vojkovi\u0107ima. Prvi naziv dobila je po Narodnom heroju Hasanu Brki\u0107u ro\u0111enom u Livnu 1913. Iz njegova bogate biografije izdvajamo da je bio advokatski pripravnik, \u010dlan KPJ od 1933. godine, u<\/span><span style=\"color: #000000;\">\u00a0 <\/span><span style=\"color: #000000;\">Narodno oslobodila\u010dku borbu stupio 1943. godine, a za Narodnog heroja progla\u0161en 27. novembra 1953. godine. Od 1943. godine pa sve do oslobo\u0111enja, bio je sekretar ZAVNOBiH-a. U poratnom period bio je \u010dlan vlade NRBiH, dr\u017eavni sekretar za poslove narodne privrede FNRJ, dr\u017eavni podsekretar za vanjske poslove i predsjednik komiteta za vanjsku trgovinu FNRJ.<br \/>\n<\/span><span style=\"color: #000000;\">Kao ministar u Vladi NRBiH naro\u010dito se anga\u017eovao u izradi kona\u010dne kompozicije dr\u017eavnog grba Narodne Republike Bosne i Hercegovine.<\/span><\/span><\/p>\n<p><span style=\"color: #000000; font-family: 'times new roman', times, serif;\">*Grb Bosne i Hercegovine od 1946. do 1992. godine.<\/span><\/p>\n<p><span style=\"color: #000000; font-family: 'times new roman', times, serif;\">Socijalisti\u010dka Republika Bosna i Hercegovina koristila je grb odre\u0111en jo\u0161 Ustavom Narodne Republike Bosne i Hercegovine. Usvojen je 31. decembra 1946. zajedno sa zastavom. Dr\u017eavni grb NR Bosne i Hercegovine bio je polje okru\u017eeno s lijeve strane gran\u010dicama bjelogorice, a s desne strane gran\u010dicama crnogorice koje su dolje povezane vrpcom. Izme\u0111u vrhova gran\u010dica nalazi se petokraka zvijezda. U polju iznad vrpce su dva tvorni\u010dka dimnjaka (iz kojih se pu\u0161i dim) a u podno\u017eju le\u017ee dva snopa \u017eita. U pozadini se ocrtava silueta grada Jajca.<\/span><\/p>\n<p><span style=\"color: #000000; font-family: 'times new roman', times, serif;\">\u00a0<\/span><\/p>\n<p><span style=\"color: #000000; font-family: 'book antiqua', palatino, serif;\">RAD \u0160KOLE<\/span><\/p>\n<p><span style=\"color: #000000; font-family: 'times new roman', times, serif;\">U prijeratnom periodu u \u0161kolu je upisano i poha\u0111alo nastavu ukupno 4.886 u\u010denika.<\/span><\/p>\n<p><span style=\"font-family: 'times new roman', times, serif;\"><span style=\"color: #000000;\">Po\u010detkom 1992.godine, \u0161kola<\/span><span style=\"color: #000000;\">\u00a0 <\/span><span style=\"color: #000000;\">nakratko prekida rad zbog ratnog stanja u zemlji, a \u0161kolska godina se zavr\u0161ava u skladu sa Uredbom o zavr\u0161etku \u0161kolske 1991\/92. godine. Ve\u0107 u junu 1992.godine uvedena je Radna obaveza i \u0161kola je nastavila rad u ratnim uslovima, a od \u0161kolske 1992\/1993.godine, Odlukom Predsjedni\u0161tva Op\u0107ine Ilid\u017ea, \u0161kola nosi naziv Osnovna \u0161kola \u201eSuad \u0110uliman Sudo\u201c po poginulom u\u010deniku \u0161kole.<\/span><\/span><\/p>\n<p><span style=\"color: #000000; font-family: 'times new roman', times, serif;\">Po okon\u010danju ratnog stanja i reintegraciji Ilid\u017ee, Odlukom prelaznog Op\u0107inskog vije\u0107a o izmjeni naziva osnovnih \u0161kola na podru\u010dju Op\u0107ine Ilid\u017ea od 5.7.1996.godine, \u0161kola nosi naziv \u201e\u010cetvrta osnovna \u0161kola\u201c Ilid\u017ea\/Hrasnica kao \u010detvrta po redu osnivanja osnovana \u0161kola na Op\u0107ini Ilid\u017ea.<\/span><\/p>\n<p><span style=\"color: #000000; font-family: 'times new roman', times, serif;\">\u00a0<\/span><\/p>\n<p style=\"text-align: center;\"><em><strong><span style=\"color: #000000; font-family: Calibri;\">UPRAVITELJI I DIREKTORI<\/span><\/strong><\/em><\/p>\n<p style=\"text-align: center;\"><span style=\"color: #000000; font-family: Calibri;\">Od osnivanja \u0161kolom su upravljali i rukovodili:<\/span><\/p>\n<p style=\"text-align: center;\"><span style=\"color: #000000; font-family: Calibri; font-size: 12pt;\">1.Pulji\u0107 Marko, \u0161kolska 1968\/69. godina, upravitelj \u0161kole<\/span><\/p>\n<p style=\"text-align: center;\"><span style=\"color: #000000; font-family: 'book antiqua', palatino, serif; font-size: 12pt;\">2.Kujund\u017ei\u0107 Rajko, 1969-1977.godine, upravitelj \u0161kole<\/span><\/p>\n<p style=\"text-align: center;\"><span style=\"color: #000000; font-family: 'book antiqua', palatino, serif; font-size: 12pt;\">3.Had\u017eiomerovi\u0107 Lejla, 1977-1984.godine, direktor \u0161kole<\/span><\/p>\n<p style=\"text-align: center;\"><span style=\"color: #000000; font-family: 'book antiqua', palatino, serif; font-size: 12pt;\">4.Perkovi\u0107 Dim\u0161o, 1984-1992.godine, direktor \u0161kole<\/span><\/p>\n<p style=\"text-align: center;\"><span style=\"color: #000000; font-family: 'book antiqua', palatino, serif; font-size: 12pt;\">5.Fako Hamdija, 1992-22.3.1993.godine, direktor \u0161kole, poginuo<\/span><\/p>\n<p style=\"text-align: center;\"><span style=\"color: #000000; font-family: 'book antiqua', palatino, serif; font-size: 12pt;\">6.Buljuba\u0161i\u0107 Indira 1993-2000.godine, direktor \u0161kole<\/span><\/p>\n<p style=\"text-align: center;\"><span style=\"color: #000000; font-family: 'book antiqua', palatino, serif; font-size: 12pt;\">7.Ov\u010dina Arif, 2000-2009.godine, direktor \u0161kole i<\/span><\/p>\n<p style=\"text-align: center;\"><span style=\"color: #000000; font-family: 'book antiqua', palatino, serif; font-size: 12pt;\">8.Guska Hamid, direktor \u0161kole od 2009. -2018. godine.<\/span><\/p>\n<p style=\"text-align: center;\"><span style=\"font-size: 12pt; font-family: 'book antiqua', palatino, serif;\">9.<span style=\"font-size: 10pt;\"><span style=\"font-size: 12pt;\">Holjan Samira, direktor \u0161kole od\u00a0 2018.-2025. godine<\/span>\u00a0<\/span><\/span><\/p>\n<p style=\"text-align: center;\"><span style=\"color: #000000; font-family: 'book antiqua', palatino, serif; font-size: 12pt;\">10. Hot Avdija, direktor \u0161kole od 21.06.2025.- 29.08.2025. godine<br \/>\n<\/span><\/p>\n<p style=\"text-align: center;\"><span style=\"color: #000000; font-family: 'book antiqua', palatino, serif; font-size: 12pt;\">11. Prazina Munir, direktor \u0161kole od 30.08.2025 . godine\u00a0<\/span><\/p>\n<p><strong><span style=\"color: #000000; font-family: Calibri;\"><br \/>\nUSPJESI<\/span><\/strong><\/p>\n<p><span style=\"color: #000000; font-family: 'times new roman', times, serif;\">\u00a0<\/span><span style=\"color: #000000; font-family: 'times new roman', times, serif;\">\u0160kola je u svom dosada\u0161njem radu postigla brojne i zapa\u017eene rezultate na op\u0107inskim, gradskim, kantonalnim, regionalnim, federalnim, dr\u017eavnim i me\u0111unarodnim takmi\u010denjima i smotrama. Me\u0111u najzapa\u017eenijim su uspjesi koje su u\u010denice na\u0161e \u0161kole ostvarili u likovnom stvarala\u0161tvu, sportu, literalnom stvarala\u0161tvu, matematici, informatici, fizici, nau\u010dno-tehni\u010dkom i kulturno-zabavnom stvarala\u0161tvu, njema\u010dkom jeziku, gra\u0111anskom obrazovanju, geografiji.\u2026<\/span><\/p>\n","protected":false},"excerpt":{"rendered":"<p>\u00a0 \u00a0 HISTORIJAT &nbsp; OSNIVANJE &nbsp; Na\u0161a \u0161kola je osnovana 1968. godine\u00a0 za \u0161kolsko podru\u010dje dio MZ Hrasnica I i naselja Grlica, Krupac i Vojkovi\u0107i. Do 1992.godine je nosila naziv \u201cHasan Brki\u0107\u201d i u svom sastavu je imala podru\u010dnu \u0161kolu<\/p>\n","protected":false},"author":1,"featured_media":0,"parent":0,"menu_order":0,"comment_status":"closed","ping_status":"closed","template":"","meta":{"footnotes":""},"class_list":["post-27","page","type-page","status-publish","hentry"],"_links":{"self":[{"href":"https:\/\/oscetvrta.edu.ba\/index.php?rest_route=\/wp\/v2\/pages\/27","targetHints":{"allow":["GET"]}}],"collection":[{"href":"https:\/\/oscetvrta.edu.ba\/index.php?rest_route=\/wp\/v2\/pages"}],"about":[{"href":"https:\/\/oscetvrta.edu.ba\/index.php?rest_route=\/wp\/v2\/types\/page"}],"author":[{"embeddable":true,"href":"https:\/\/oscetvrta.edu.ba\/index.php?rest_route=\/wp\/v2\/users\/1"}],"replies":[{"embeddable":true,"href":"https:\/\/oscetvrta.edu.ba\/index.php?rest_route=%2Fwp%2Fv2%2Fcomments&post=27"}],"version-history":[{"count":4,"href":"https:\/\/oscetvrta.edu.ba\/index.php?rest_route=\/wp\/v2\/pages\/27\/revisions"}],"predecessor-version":[{"id":2677,"href":"https:\/\/oscetvrta.edu.ba\/index.php?rest_route=\/wp\/v2\/pages\/27\/revisions\/2677"}],"wp:attachment":[{"href":"https:\/\/oscetvrta.edu.ba\/index.php?rest_route=%2Fwp%2Fv2%2Fmedia&parent=27"}],"curies":[{"name":"wp","href":"https:\/\/api.w.org\/{rel}","templated":true}]}}