{"id":2589,"date":"2026-01-20T20:08:46","date_gmt":"2026-01-20T20:08:46","guid":{"rendered":"https:\/\/oscetvrta.edu.ba\/?page_id=2589"},"modified":"2026-02-01T11:14:35","modified_gmt":"2026-02-01T11:14:35","slug":"upis-u-prvi-razred","status":"publish","type":"page","link":"https:\/\/oscetvrta.edu.ba\/?page_id=2589","title":{"rendered":"Upis u prvi razred"},"content":{"rendered":"<div class=\"html-div xdj266r x14z9mp xat24cr x1lziwak xexx8yu xyri2b x18d9i69 x1c1uobl\" dir=\"auto\">\n<div class=\"html-div xdj266r x14z9mp xat24cr x1lziwak xexx8yu xyri2b x18d9i69 x1c1uobl\" data-ad-rendering-role=\"story_message\">\n<div class=\"x1l90r2v x1iorvi4 x1g0dm76 xpdmqnj\" data-ad-comet-preview=\"message\" data-ad-preview=\"message\">\n<div class=\"x78zum5 xdt5ytf xz62fqu x16ldp7u\">\n<div class=\"xu06os2 x1ok221b\">\n<div class=\"html-div xdj266r x14z9mp xat24cr x1lziwak xexx8yu xyri2b x18d9i69 x1c1uobl\">\n<div class=\"xdj266r x14z9mp xat24cr x1lziwak x1vvkbs x126k92a\">\n<div dir=\"auto\">UPIS U PRVI RAZRED OSNOVNE \u0160KOLE<\/div>\n<\/div>\n<div class=\"x14z9mp xat24cr x1lziwak x1vvkbs xtlvy1s x126k92a\">\n<div dir=\"auto\"><span class=\"html-span xexx8yu xyri2b x18d9i69 x1c1uobl x1hl2dhg x16tdsg8 x1vvkbs x3nfvp2 x1j61x8r x1fcty0u xdj266r xat24cr xm2jcoa x1mpyi22 xxymvpz xlup9mm x1kky2od\"><img loading=\"lazy\" decoding=\"async\" class=\"xz74otr x15mokao x1ga7v0g x16uus16 xbiv7yw\" src=\"https:\/\/static.xx.fbcdn.net\/images\/emoji.php\/v9\/ta4\/1\/16\/1f392.png\" alt=\"\" width=\"16\" height=\"16\" \/><\/span> \u0160kolska 2026\/2027. godina<\/div>\n<\/div>\n<div class=\"x14z9mp xat24cr x1lziwak x1vvkbs xtlvy1s x126k92a\">\n<div dir=\"auto\"><span class=\"html-span xexx8yu xyri2b x18d9i69 x1c1uobl x1hl2dhg x16tdsg8 x1vvkbs x3nfvp2 x1j61x8r x1fcty0u xdj266r xat24cr xm2jcoa x1mpyi22 xxymvpz xlup9mm x1kky2od\"><img loading=\"lazy\" decoding=\"async\" class=\"xz74otr x15mokao x1ga7v0g x16uus16 xbiv7yw\" src=\"https:\/\/static.xx.fbcdn.net\/images\/emoji.php\/v9\/te0\/1\/16\/1f31f.png\" alt=\"\" width=\"16\" height=\"16\" \/><\/span> Prvi koraci znanja po\u010dinju ovdje<\/div>\n<div dir=\"auto\"><\/div>\n<div dir=\"auto\">JU \u010cetvrta osnovna \u0161kola Ilid\u017ea-Hrasnica s rado\u0161\u0107u poziva roditelje i budu\u0107e prva\u010di\u0107e na upis u prvi razred osnovne \u0161kole.<\/div>\n<div dir=\"auto\">Upisni rok:<\/div>\n<div dir=\"auto\">02.02. \u2013 27.02.2026. godine<\/div>\n<\/div>\n<div class=\"x14z9mp xat24cr x1lziwak x1vvkbs xtlvy1s x126k92a\">\n<div dir=\"auto\">Sve informacije o uslovima upisa, i potrebnoj dokumentaciji nalaze se u zvani\u010dnom pozivu na fotografijama.<\/div>\n<div dir=\"auto\"><\/div>\n<\/div>\n<div class=\"x14z9mp xat24cr x1lziwak x1vvkbs xtlvy1s x126k92a\">\n<div dir=\"auto\">DRAGI NA\u0160I BUDU\u0106I PRVA\u010cI\u0106I<\/div>\n<div dir=\"auto\">Pred vama je jedan va\u017ean i radostan korak \u2013 ulazak u svijet znanja, novih prijateljstava i lijepih uspomena.<\/div>\n<div dir=\"auto\">Na\u0161a \u0161kola bit \u0107e va\u0161e sigurno mjesto za u\u010denje, igru i rast.<\/div>\n<div dir=\"auto\"><\/div>\n<div dir=\"auto\">PORUKA ZA RODITELJE<\/div>\n<div dir=\"auto\">Svjesni smo koliko je polazak u \u0161kolu va\u017ean trenutak za cijelu porodicu.<\/div>\n<div dir=\"auto\">U JU \u010cetvrta osnovna \u0161kola Ilid\u017ea-Hrasnica va\u0161e dijete ima siguran po\u010detak \u0161kolskog puta, uz stru\u010dnu podr\u0161ku i partnersku saradnju s roditeljima.<\/div>\n<div dir=\"auto\"><\/div>\n<\/div>\n<div class=\"x14z9mp xat24cr x1lziwak x1vvkbs xtlvy1s x126k92a\">\n<div dir=\"auto\">PRODU\u017dENI BORAVAK \u2013 DODATNA PODR\u0160KA RODITELJIMA<\/div>\n<div dir=\"auto\">Od \u0161kolske 2025\/2026. godine \u0161kola organizuje produ\u017eeni boravak za u\u010denike razredne nastave, uklju\u010duju\u0107i i u\u010denike I razreda.<\/div>\n<div dir=\"auto\">Produ\u017eeni boravak trenutno poha\u0111a oko 30 u\u010denika, a planiran je kao kontinuirana aktivnost, uz mogu\u0107nost pro\u0161irenja kapaciteta prema potrebama roditelja.<\/div>\n<div dir=\"auto\"><\/div>\n<div dir=\"auto\"><span class=\"html-span xexx8yu xyri2b x18d9i69 x1c1uobl x1hl2dhg x16tdsg8 x1vvkbs x3nfvp2 x1j61x8r x1fcty0u xdj266r xat24cr xm2jcoa x1mpyi22 xxymvpz xlup9mm x1kky2od\"><img loading=\"lazy\" decoding=\"async\" class=\"xz74otr x15mokao x1ga7v0g x16uus16 xbiv7yw\" src=\"https:\/\/static.xx.fbcdn.net\/images\/emoji.php\/v9\/t51\/1\/16\/2714.png\" alt=\"\u2714\ufe0f\" width=\"16\" height=\"16\" \/><\/span> pomo\u0107 u izradi doma\u0107ih zadataka<\/div>\n<div dir=\"auto\"><span class=\"html-span xexx8yu xyri2b x18d9i69 x1c1uobl x1hl2dhg x16tdsg8 x1vvkbs x3nfvp2 x1j61x8r x1fcty0u xdj266r xat24cr xm2jcoa x1mpyi22 xxymvpz xlup9mm x1kky2od\"><img loading=\"lazy\" decoding=\"async\" class=\"xz74otr x15mokao x1ga7v0g x16uus16 xbiv7yw\" src=\"https:\/\/static.xx.fbcdn.net\/images\/emoji.php\/v9\/t51\/1\/16\/2714.png\" alt=\"\u2714\ufe0f\" width=\"16\" height=\"16\" \/><\/span> stru\u010dno vo\u0111en boravak nakon nastave<\/div>\n<div dir=\"auto\"><span class=\"html-span xexx8yu xyri2b x18d9i69 x1c1uobl x1hl2dhg x16tdsg8 x1vvkbs x3nfvp2 x1j61x8r x1fcty0u xdj266r xat24cr xm2jcoa x1mpyi22 xxymvpz xlup9mm x1kky2od\"><img loading=\"lazy\" decoding=\"async\" class=\"xz74otr x15mokao x1ga7v0g x16uus16 xbiv7yw\" src=\"https:\/\/static.xx.fbcdn.net\/images\/emoji.php\/v9\/t51\/1\/16\/2714.png\" alt=\"\u2714\ufe0f\" width=\"16\" height=\"16\" \/><\/span> kreativne i odgojno-obrazovne aktivnosti<\/div>\n<div dir=\"auto\"><span class=\"html-span xexx8yu xyri2b x18d9i69 x1c1uobl x1hl2dhg x16tdsg8 x1vvkbs x3nfvp2 x1j61x8r x1fcty0u xdj266r xat24cr xm2jcoa x1mpyi22 xxymvpz xlup9mm x1kky2od\"><img loading=\"lazy\" decoding=\"async\" class=\"xz74otr x15mokao x1ga7v0g x16uus16 xbiv7yw\" src=\"https:\/\/static.xx.fbcdn.net\/images\/emoji.php\/v9\/t51\/1\/16\/2714.png\" alt=\"\u2714\ufe0f\" width=\"16\" height=\"16\" \/><\/span> sigurno i nadzirano okru\u017eenje<\/div>\n<\/div>\n<div class=\"x14z9mp xat24cr x1lziwak x1vvkbs xtlvy1s x126k92a\">\n<div dir=\"auto\"><span class=\"html-span xexx8yu xyri2b x18d9i69 x1c1uobl x1hl2dhg x16tdsg8 x1vvkbs x3nfvp2 x1j61x8r x1fcty0u xdj266r xat24cr xm2jcoa x1mpyi22 xxymvpz xlup9mm x1kky2od\"><img loading=\"lazy\" decoding=\"async\" class=\"xz74otr x15mokao x1ga7v0g x16uus16 xbiv7yw\" src=\"https:\/\/static.xx.fbcdn.net\/images\/emoji.php\/v9\/t4d\/1\/16\/1f4de.png\" alt=\"\" width=\"16\" height=\"16\" \/><\/span> Kontakt: 033\/698-202<\/div>\n<div dir=\"auto\"><\/div>\n<div dir=\"auto\"><span class=\"html-span xexx8yu xyri2b x18d9i69 x1c1uobl x1hl2dhg x16tdsg8 x1vvkbs x3nfvp2 x1j61x8r x1fcty0u xdj266r xat24cr xm2jcoa x1mpyi22 xxymvpz xlup9mm x1kky2od\"><img loading=\"lazy\" decoding=\"async\" class=\"xz74otr x15mokao x1ga7v0g x16uus16 xbiv7yw\" src=\"https:\/\/static.xx.fbcdn.net\/images\/emoji.php\/v9\/t37\/1\/16\/2709.png\" alt=\"\u2709\ufe0f\" width=\"16\" height=\"16\" \/><\/span> <span style=\"font-size: 14pt;\"><strong>E-mail: cetvrta.osnovna@bih.net.ba<\/strong><\/span><\/div>\n<\/div>\n<\/div>\n<\/div>\n<\/div>\n<\/div>\n<\/div>\n<div dir=\"auto\">\n<div class=\"ead-preview\"><div class=\"ead-document\" style=\"position: relative;padding-top: 90%;\"><div class=\"ead-iframe-wrapper\"><iframe src=\"\/\/docs.google.com\/viewer?url=http%3A%2F%2Foscetvrta.edu.ba%2Fwp-content%2Fuploads%2F2026%2F01%2FPoziv-za-upis-prvacica-u-skolsku-2026-2027.-godini.pdf&amp;embedded=true&amp;hl=en\" title=\"Embedded Document\" class=\"ead-iframe\" style=\"width: 100%;height: 100%;border: none;position: absolute;left: 0;top: 0;visibility: hidden;\"><\/iframe><\/div>\t\t\t<div class=\"ead-document-loading\" style=\"width:100%;height:100%;position:absolute;left:0;top:0;z-index:10;\">\n\t\t\t\t<div class=\"ead-loading-wrap\">\n\t\t\t\t\t<div class=\"ead-loading-main\">\n\t\t\t\t\t\t<div class=\"ead-loading\">\n\t\t\t\t\t\t\t<img loading=\"lazy\" decoding=\"async\" src=\"https:\/\/oscetvrta.edu.ba\/wp-content\/plugins\/embed-any-document\/images\/loading.svg\" width=\"55\" height=\"55\" alt=\"Loader\">\n\t\t\t\t\t\t\t<span>Loading...<\/span>\n\t\t\t\t\t\t<\/div>\n\t\t\t\t\t<\/div>\n\t\t\t\t\t<div class=\"ead-loading-foot\">\n\t\t\t\t\t\t<div class=\"ead-loading-foot-title\">\n\t\t\t\t\t\t\t<img loading=\"lazy\" decoding=\"async\" src=\"https:\/\/oscetvrta.edu.ba\/wp-content\/plugins\/embed-any-document\/images\/EAD-logo.svg\" alt=\"EAD Logo\" width=\"36\" height=\"23\"\/>\n\t\t\t\t\t\t\t<span>Taking too long?<\/span>\n\t\t\t\t\t\t<\/div>\n\t\t\t\t\t\t<p>\n\t\t\t\t\t\t\t<div class=\"ead-document-btn ead-reload-btn\" role=\"button\">\n\t\t\t\t\t\t\t\t<img loading=\"lazy\" decoding=\"async\" src=\"https:\/\/oscetvrta.edu.ba\/wp-content\/plugins\/embed-any-document\/images\/reload.svg\" alt=\"Reload\" width=\"12\" height=\"12\"\/> Reload document\t\t\t\t\t\t\t<\/div>\n\t\t\t\t\t\t\t<span>|<\/span>\n\t\t\t\t\t\t\t<a href=\"http:\/\/oscetvrta.edu.ba\/wp-content\/uploads\/2026\/01\/Poziv-za-upis-prvacica-u-skolsku-2026-2027.-godini.pdf\" class=\"ead-document-btn\" target=\"_blank\">\n\t\t\t\t\t\t\t\t<img loading=\"lazy\" decoding=\"async\" src=\"https:\/\/oscetvrta.edu.ba\/wp-content\/plugins\/embed-any-document\/images\/open.svg\" alt=\"Open\" width=\"12\" height=\"12\"\/> Open in new tab\t\t\t\t\t\t\t<\/a>\n\t\t\t\t\t<\/div>\n\t\t\t\t<\/div>\n\t\t\t<\/div>\n\t\t<\/div><\/div>\n<p>&nbsp;<\/p>\n<\/div>\n<\/div>\n<div class=\"html-div xdj266r x14z9mp xat24cr x1lziwak xexx8yu xyri2b x18d9i69 x1c1uobl x1n2onr6\">\n<div class=\"html-div xdj266r x14z9mp xat24cr x1lziwak xexx8yu xyri2b x18d9i69 x1c1uobl x1n2onr6\">\n<div class=\"x78zum5 x1qughib xo8cnfx x1qov6f7 x2yktce x1exypw5\">\n<div class=\"html-div xdj266r x14z9mp xat24cr x1lziwak xyri2b x18d9i69 x1c1uobl xqtp20y x1n2onr6 xh8yej3 x1jm3axb\">\n<div class=\"html-div x1qjc9v5 x1q0q8m5 x1qhh985 x18b5jzi x10w94by x1t7ytsu x14e42zd x13fuv20 x972fbf x1ey2m1c x9f619 x78zum5 xdt5ytf x1iyjqo2 xs83m0k xtijo5x x1o0tod x1qughib xat24cr x14z9mp x1lziwak xdj266r x2lwn1j xeuugli x18d9i69 xyri2b x1c1uobl xexx8yu x10l6tqk x13vifvy x1ja2u2z\">\n<div class=\"x9f619 x1ja2u2z x78zum5 x1n2onr6 x1r8uery x1iyjqo2 xs83m0k xeuugli x1qughib x1qjc9v5 xozqiw3 x1q0g3np xyri2b x1c1uobl x18d9i69 xexx8yu\">\n<div class=\"x9f619 x1n2onr6 x1ja2u2z x78zum5 xdt5ytf x193iq5w xeuugli x1r8uery x1iyjqo2 xs83m0k x1fp05pp\">\n<div class=\"x1iyjqo2 x5yr21d x6ikm8r x10wlt62 x1n2onr6\">\u0160kolsko podru\u010dje &#8220;\u010cetvrte osnovne \u0161kole&#8221; \u010dine ulice:<\/div>\n<div class=\"x1iyjqo2 x5yr21d x6ikm8r x10wlt62 x1n2onr6\">\nVrelo, Tvrdica, Bunica, Kerima D\u017eafi\u0107a, Put spasa, Zije Krajine, Kolibe, Tinjak, Generala Izeta Nani\u0107a, Gaj, Begluk, La\u0161i\u010dki drum, Lasi\u010dke megare, Ba\u0161i\u0107a sokak, 6. April, Izeta Musi\u0107a, \u0160ehitluci, Suvada \u0110ulimana, Dervi\u0161 -pa\u0161e Bajezidagi\u0107a, Put Famosa, \u0160erifi\u0107i, Jasen, Zoranovi\u0107i<\/div>\n<\/div>\n<\/div>\n<\/div>\n<\/div>\n<\/div>\n<\/div>\n<\/div>\n","protected":false},"excerpt":{"rendered":"<p>UPIS U PRVI RAZRED OSNOVNE \u0160KOLE \u0160kolska 2026\/2027. godina Prvi koraci znanja po\u010dinju ovdje JU \u010cetvrta osnovna \u0161kola Ilid\u017ea-Hrasnica s rado\u0161\u0107u poziva roditelje i budu\u0107e prva\u010di\u0107e na upis u prvi razred osnovne \u0161kole. Upisni rok: 02.02. \u2013 27.02.2026. godine Sve<\/p>\n","protected":false},"author":2,"featured_media":0,"parent":0,"menu_order":0,"comment_status":"closed","ping_status":"closed","template":"","meta":{"footnotes":""},"class_list":["post-2589","page","type-page","status-publish","hentry"],"_links":{"self":[{"href":"https:\/\/oscetvrta.edu.ba\/index.php?rest_route=\/wp\/v2\/pages\/2589","targetHints":{"allow":["GET"]}}],"collection":[{"href":"https:\/\/oscetvrta.edu.ba\/index.php?rest_route=\/wp\/v2\/pages"}],"about":[{"href":"https:\/\/oscetvrta.edu.ba\/index.php?rest_route=\/wp\/v2\/types\/page"}],"author":[{"embeddable":true,"href":"https:\/\/oscetvrta.edu.ba\/index.php?rest_route=\/wp\/v2\/users\/2"}],"replies":[{"embeddable":true,"href":"https:\/\/oscetvrta.edu.ba\/index.php?rest_route=%2Fwp%2Fv2%2Fcomments&post=2589"}],"version-history":[{"count":17,"href":"https:\/\/oscetvrta.edu.ba\/index.php?rest_route=\/wp\/v2\/pages\/2589\/revisions"}],"predecessor-version":[{"id":2644,"href":"https:\/\/oscetvrta.edu.ba\/index.php?rest_route=\/wp\/v2\/pages\/2589\/revisions\/2644"}],"wp:attachment":[{"href":"https:\/\/oscetvrta.edu.ba\/index.php?rest_route=%2Fwp%2Fv2%2Fmedia&parent=2589"}],"curies":[{"name":"wp","href":"https:\/\/api.w.org\/{rel}","templated":true}]}}