{"id":2440,"date":"2025-10-02T09:30:45","date_gmt":"2025-10-02T09:30:45","guid":{"rendered":"https:\/\/oscetvrta.edu.ba\/?page_id=2440"},"modified":"2026-02-27T10:16:07","modified_gmt":"2026-02-27T10:16:07","slug":"medijska-i-informacijska-pismenost","status":"publish","type":"page","link":"https:\/\/oscetvrta.edu.ba\/?page_id=2440","title":{"rendered":"Medijska i informacijska pismenost"},"content":{"rendered":"<p><em><strong>Korisni linkovi za roditelje :<\/strong><\/em><\/p>\n<p><a href=\"https:\/\/www.medijskapismenost.hr\/sharenting-sto-trebate-znati-o-dijeljenju-fotografija-i-podataka-svoje-djece-na-internetu\/\">https:\/\/www.medijskapismenost.hr\/sharenting-sto-trebate-znati-o-dijeljenju-fotografija-i-podataka-svoje-djece-na-internetu\/<\/a><\/p>\n<h1 class=\"elementor-heading-title elementor-size-default\"><a href=\"https:\/\/medijskapismenost.ba\/dnevnik-medijskih-navika\/\"><span style=\"font-size: 12pt;\">Dnevnik medijskih navika za u\u010denike\/ce<\/span><\/a><\/p>\n<p><a href=\"https:\/\/medijskapismenost.ba\/youtube-kanal-trol-mitar-ucenje-o-prirodi-zabava-i-price-za-laku-noc\/\"><span style=\"font-size: 12pt;\">YouTube kanal \u201eTrol Mitar\u201c: u\u010denje o prirodi, zabava i pri\u010de za laku no\u0107<\/span><\/a><\/h1>\n<h1 class=\"entry-title\"><span style=\"font-size: 12pt;\">Mediji i dezinformacije \u2013 priru\u010dnik za roditelje<br \/>\n<a href=\"https:\/\/www.medijskapismenost.hr\/mediji-i-dezinformacije-novi-prirucnik-za-roditelje\/\">https:\/\/www.medijskapismenost.hr\/mediji-i-dezinformacije-novi-prirucnik-za-roditelje\/<\/a><br \/>\n<\/span><\/h1>\n","protected":false},"excerpt":{"rendered":"<p>Korisni linkovi za roditelje : https:\/\/www.medijskapismenost.hr\/sharenting-sto-trebate-znati-o-dijeljenju-fotografija-i-podataka-svoje-djece-na-internetu\/ Dnevnik medijskih navika za u\u010denike\/ce YouTube kanal \u201eTrol Mitar\u201c: u\u010denje o prirodi, zabava i pri\u010de za laku no\u0107 Mediji i dezinformacije \u2013 priru\u010dnik za roditelje https:\/\/www.medijskapismenost.hr\/mediji-i-dezinformacije-novi-prirucnik-za-roditelje\/<\/p>\n","protected":false},"author":2,"featured_media":0,"parent":0,"menu_order":0,"comment_status":"closed","ping_status":"closed","template":"","meta":{"footnotes":""},"class_list":["post-2440","page","type-page","status-publish","hentry"],"_links":{"self":[{"href":"https:\/\/oscetvrta.edu.ba\/index.php?rest_route=\/wp\/v2\/pages\/2440","targetHints":{"allow":["GET"]}}],"collection":[{"href":"https:\/\/oscetvrta.edu.ba\/index.php?rest_route=\/wp\/v2\/pages"}],"about":[{"href":"https:\/\/oscetvrta.edu.ba\/index.php?rest_route=\/wp\/v2\/types\/page"}],"author":[{"embeddable":true,"href":"https:\/\/oscetvrta.edu.ba\/index.php?rest_route=\/wp\/v2\/users\/2"}],"replies":[{"embeddable":true,"href":"https:\/\/oscetvrta.edu.ba\/index.php?rest_route=%2Fwp%2Fv2%2Fcomments&post=2440"}],"version-history":[{"count":5,"href":"https:\/\/oscetvrta.edu.ba\/index.php?rest_route=\/wp\/v2\/pages\/2440\/revisions"}],"predecessor-version":[{"id":2802,"href":"https:\/\/oscetvrta.edu.ba\/index.php?rest_route=\/wp\/v2\/pages\/2440\/revisions\/2802"}],"wp:attachment":[{"href":"https:\/\/oscetvrta.edu.ba\/index.php?rest_route=%2Fwp%2Fv2%2Fmedia&parent=2440"}],"curies":[{"name":"wp","href":"https:\/\/api.w.org\/{rel}","templated":true}]}}