{"id":2398,"date":"2025-09-25T13:15:25","date_gmt":"2025-09-25T13:15:25","guid":{"rendered":"https:\/\/oscetvrta.edu.ba\/?page_id=2398"},"modified":"2025-10-21T11:19:31","modified_gmt":"2025-10-21T11:19:31","slug":"aktivnosti-u-biblioteci","status":"publish","type":"page","link":"https:\/\/oscetvrta.edu.ba\/?page_id=2398","title":{"rendered":"Aktivnosti u biblioteci"},"content":{"rendered":"<p class=\"my-2 [&amp;+p]:mt-4 [&amp;_strong:has(+br)]:inline-block [&amp;_strong:has(+br)]:pb-2\">Dobro do\u0161li u \u0161kolsku biblioteku \u2013 posebno mjesto znanja, ma\u0161te i rasta. Na\u0161a biblioteka je dom brojnih knjiga, \u010dasopisa i drugih izvora koji podr\u017eavaju svaki korak u va\u0161em obrazovanju i istra\u017eivanju.<\/p>\n<p class=\"my-2 [&amp;+p]:mt-4 [&amp;_strong:has(+br)]:inline-block [&amp;_strong:has(+br)]:pb-2\">Ovdje svaki u\u010denik mo\u017ee prona\u0107i inspiraciju, pro\u0161iriti vidike i razviti ljubav prema \u010ditanju i u\u010denju. Pozivamo vas da iskoristite sve \u0161to biblioteka nudi i pridru\u017eite se na\u0161im knji\u017eevnim susretima i radionicama, jer zajedno stvaramo prostor u kojem znanje i prijateljstvo rastu.<\/p>\n<p>&nbsp;<\/p>\n<p class=\"my-2 [&amp;+p]:mt-4 [&amp;_strong:has(+br)]:inline-block [&amp;_strong:has(+br)]:pb-2\">U sklopu Bibliote\u010dke sekcije organizovane su brojne radionice usmjerene na tehnike u\u010denja i razvoj vje\u0161tina u\u010denika.<\/p>\n<p class=\"my-2 [&amp;+p]:mt-4 [&amp;_strong:has(+br)]:inline-block [&amp;_strong:has(+br)]:pb-2\">Tokom radionica tehnika u\u010denja, u\u010denicima su obja\u0161njene razli\u010dite metode koje im poma\u017eu da pobolj\u0161aju svoje u\u010denje s ciljem unapre\u0111enja \u0161kolskih ocjena. Posebno pratimo ishode u\u010denja kako bismo osigurali da ove tehnike zaista doprinose njihovom napretku.<\/p>\n<p class=\"my-2 [&amp;+p]:mt-4 [&amp;_strong:has(+br)]:inline-block [&amp;_strong:has(+br)]:pb-2\">Kroz zajedni\u010dko \u010ditanje knjige \u201eRu\u017ea\u201c razgovarali smo sa u\u010denicama osmih razreda o va\u017enim temama iz literature i motivisali ih na aktivno \u010ditanje i razmi\u0161ljanje.<\/p>\n<p class=\"my-2 [&amp;+p]:mt-4 [&amp;_strong:has(+br)]:inline-block [&amp;_strong:has(+br)]:pb-2\">Povodom Mjeseca knjige odr\u017eana je posebna radionica posve\u0107ena va\u017enosti knjiga i \u010ditanja u svakodnevnom \u017eivotu, \u010dime smo dodatno podstakli ljubav prema pisanom rije\u010dju.<\/p>\n<p class=\"my-2 [&amp;+p]:mt-4 [&amp;_strong:has(+br)]:inline-block [&amp;_strong:has(+br)]:pb-2\">Tako\u0111e smo realizovali radionicu o medijskoj i informacijskog pismenosti, kroz koju su u\u010denici usvojili vje\u0161tine kriti\u010dkog pristupa informacijama i razumijevanja savremenih medijskih sadr\u017eaja.<\/p>\n<p class=\"my-2 [&amp;+p]:mt-4 [&amp;_strong:has(+br)]:inline-block [&amp;_strong:has(+br)]:pb-2\">Sve radionice imaju za cilj podr\u0161ku u\u010denicima u njihovom obrazovanju i razvoj klju\u010dnih kompetencija za uspjeh u \u0161koli i \u017eivotu.<\/p>\n<p class=\"my-2 [&amp;+p]:mt-4 [&amp;_strong:has(+br)]:inline-block [&amp;_strong:has(+br)]:pb-2\">\u017delimo da nastavak rada na ovim sadr\u017eajima doprinese jo\u0161 boljim rezultatima i motivaciji na\u0161ih u\u010denika.<\/p>\n<p>&nbsp;<\/p>\n<div id='gallery-1' class='gallery galleryid-2398 gallery-columns-3 gallery-size-medium'><figure class='gallery-item'>\n\t\t\t<div class='gallery-icon portrait'>\n\t\t\t\t<a href='https:\/\/oscetvrta.edu.ba\/?attachment_id=2497'><img loading=\"lazy\" decoding=\"async\" width=\"169\" height=\"300\" src=\"https:\/\/oscetvrta.edu.ba\/wp-content\/uploads\/2025\/10\/viber_image_2025-10-21_13-13-10-665-1-169x300.jpg\" class=\"attachment-medium size-medium\" alt=\"\" srcset=\"https:\/\/oscetvrta.edu.ba\/wp-content\/uploads\/2025\/10\/viber_image_2025-10-21_13-13-10-665-1-169x300.jpg 169w, https:\/\/oscetvrta.edu.ba\/wp-content\/uploads\/2025\/10\/viber_image_2025-10-21_13-13-10-665-1-576x1024.jpg 576w, https:\/\/oscetvrta.edu.ba\/wp-content\/uploads\/2025\/10\/viber_image_2025-10-21_13-13-10-665-1-768x1364.jpg 768w, https:\/\/oscetvrta.edu.ba\/wp-content\/uploads\/2025\/10\/viber_image_2025-10-21_13-13-10-665-1-865x1536.jpg 865w, https:\/\/oscetvrta.edu.ba\/wp-content\/uploads\/2025\/10\/viber_image_2025-10-21_13-13-10-665-1.jpg 900w\" sizes=\"auto, (max-width: 169px) 100vw, 169px\" \/><\/a>\n\t\t\t<\/div><\/figure><figure class='gallery-item'>\n\t\t\t<div class='gallery-icon portrait'>\n\t\t\t\t<a href='https:\/\/oscetvrta.edu.ba\/?attachment_id=2496'><img loading=\"lazy\" decoding=\"async\" width=\"169\" height=\"300\" src=\"https:\/\/oscetvrta.edu.ba\/wp-content\/uploads\/2025\/10\/viber_image_2025-10-21_13-13-11-349-169x300.jpg\" class=\"attachment-medium size-medium\" alt=\"\" srcset=\"https:\/\/oscetvrta.edu.ba\/wp-content\/uploads\/2025\/10\/viber_image_2025-10-21_13-13-11-349-169x300.jpg 169w, https:\/\/oscetvrta.edu.ba\/wp-content\/uploads\/2025\/10\/viber_image_2025-10-21_13-13-11-349-576x1024.jpg 576w, https:\/\/oscetvrta.edu.ba\/wp-content\/uploads\/2025\/10\/viber_image_2025-10-21_13-13-11-349-768x1364.jpg 768w, https:\/\/oscetvrta.edu.ba\/wp-content\/uploads\/2025\/10\/viber_image_2025-10-21_13-13-11-349-865x1536.jpg 865w, https:\/\/oscetvrta.edu.ba\/wp-content\/uploads\/2025\/10\/viber_image_2025-10-21_13-13-11-349.jpg 900w\" sizes=\"auto, (max-width: 169px) 100vw, 169px\" \/><\/a>\n\t\t\t<\/div><\/figure><figure class='gallery-item'>\n\t\t\t<div class='gallery-icon portrait'>\n\t\t\t\t<a href='https:\/\/oscetvrta.edu.ba\/?attachment_id=2495'><img loading=\"lazy\" decoding=\"async\" width=\"169\" height=\"300\" src=\"https:\/\/oscetvrta.edu.ba\/wp-content\/uploads\/2025\/10\/viber_image_2025-10-21_13-13-11-297-169x300.jpg\" class=\"attachment-medium size-medium\" alt=\"\" srcset=\"https:\/\/oscetvrta.edu.ba\/wp-content\/uploads\/2025\/10\/viber_image_2025-10-21_13-13-11-297-169x300.jpg 169w, https:\/\/oscetvrta.edu.ba\/wp-content\/uploads\/2025\/10\/viber_image_2025-10-21_13-13-11-297-576x1024.jpg 576w, https:\/\/oscetvrta.edu.ba\/wp-content\/uploads\/2025\/10\/viber_image_2025-10-21_13-13-11-297-768x1364.jpg 768w, https:\/\/oscetvrta.edu.ba\/wp-content\/uploads\/2025\/10\/viber_image_2025-10-21_13-13-11-297-865x1536.jpg 865w, https:\/\/oscetvrta.edu.ba\/wp-content\/uploads\/2025\/10\/viber_image_2025-10-21_13-13-11-297.jpg 900w\" sizes=\"auto, (max-width: 169px) 100vw, 169px\" \/><\/a>\n\t\t\t<\/div><\/figure><figure class='gallery-item'>\n\t\t\t<div class='gallery-icon portrait'>\n\t\t\t\t<a href='https:\/\/oscetvrta.edu.ba\/?attachment_id=2493'><img loading=\"lazy\" decoding=\"async\" width=\"169\" height=\"300\" src=\"https:\/\/oscetvrta.edu.ba\/wp-content\/uploads\/2025\/10\/viber_image_2025-10-21_13-03-10-631-1-169x300.jpg\" class=\"attachment-medium size-medium\" alt=\"\" srcset=\"https:\/\/oscetvrta.edu.ba\/wp-content\/uploads\/2025\/10\/viber_image_2025-10-21_13-03-10-631-1-169x300.jpg 169w, https:\/\/oscetvrta.edu.ba\/wp-content\/uploads\/2025\/10\/viber_image_2025-10-21_13-03-10-631-1-576x1024.jpg 576w, https:\/\/oscetvrta.edu.ba\/wp-content\/uploads\/2025\/10\/viber_image_2025-10-21_13-03-10-631-1-768x1364.jpg 768w, https:\/\/oscetvrta.edu.ba\/wp-content\/uploads\/2025\/10\/viber_image_2025-10-21_13-03-10-631-1-865x1536.jpg 865w, https:\/\/oscetvrta.edu.ba\/wp-content\/uploads\/2025\/10\/viber_image_2025-10-21_13-03-10-631-1.jpg 900w\" sizes=\"auto, (max-width: 169px) 100vw, 169px\" \/><\/a>\n\t\t\t<\/div><\/figure><figure class='gallery-item'>\n\t\t\t<div class='gallery-icon portrait'>\n\t\t\t\t<a href='https:\/\/oscetvrta.edu.ba\/?attachment_id=2492'><img loading=\"lazy\" decoding=\"async\" width=\"169\" height=\"300\" src=\"https:\/\/oscetvrta.edu.ba\/wp-content\/uploads\/2025\/10\/viber_image_2025-10-21_13-03-12-723-1-169x300.jpg\" class=\"attachment-medium size-medium\" alt=\"\" srcset=\"https:\/\/oscetvrta.edu.ba\/wp-content\/uploads\/2025\/10\/viber_image_2025-10-21_13-03-12-723-1-169x300.jpg 169w, https:\/\/oscetvrta.edu.ba\/wp-content\/uploads\/2025\/10\/viber_image_2025-10-21_13-03-12-723-1-576x1024.jpg 576w, https:\/\/oscetvrta.edu.ba\/wp-content\/uploads\/2025\/10\/viber_image_2025-10-21_13-03-12-723-1-768x1364.jpg 768w, https:\/\/oscetvrta.edu.ba\/wp-content\/uploads\/2025\/10\/viber_image_2025-10-21_13-03-12-723-1-865x1536.jpg 865w, https:\/\/oscetvrta.edu.ba\/wp-content\/uploads\/2025\/10\/viber_image_2025-10-21_13-03-12-723-1.jpg 900w\" sizes=\"auto, (max-width: 169px) 100vw, 169px\" \/><\/a>\n\t\t\t<\/div><\/figure><figure class='gallery-item'>\n\t\t\t<div class='gallery-icon landscape'>\n\t\t\t\t<a href='https:\/\/oscetvrta.edu.ba\/?attachment_id=2490'><img loading=\"lazy\" decoding=\"async\" width=\"300\" height=\"225\" src=\"https:\/\/oscetvrta.edu.ba\/wp-content\/uploads\/2025\/10\/viber_image_2025-10-21_13-03-12-751-1-300x225.jpg\" class=\"attachment-medium size-medium\" alt=\"\" srcset=\"https:\/\/oscetvrta.edu.ba\/wp-content\/uploads\/2025\/10\/viber_image_2025-10-21_13-03-12-751-1-300x225.jpg 300w, https:\/\/oscetvrta.edu.ba\/wp-content\/uploads\/2025\/10\/viber_image_2025-10-21_13-03-12-751-1-1024x768.jpg 1024w, https:\/\/oscetvrta.edu.ba\/wp-content\/uploads\/2025\/10\/viber_image_2025-10-21_13-03-12-751-1-768x576.jpg 768w, https:\/\/oscetvrta.edu.ba\/wp-content\/uploads\/2025\/10\/viber_image_2025-10-21_13-03-12-751-1-1536x1152.jpg 1536w, https:\/\/oscetvrta.edu.ba\/wp-content\/uploads\/2025\/10\/viber_image_2025-10-21_13-03-12-751-1.jpg 1600w\" sizes=\"auto, (max-width: 300px) 100vw, 300px\" \/><\/a>\n\t\t\t<\/div><\/figure><figure class='gallery-item'>\n\t\t\t<div class='gallery-icon portrait'>\n\t\t\t\t<a href='https:\/\/oscetvrta.edu.ba\/?attachment_id=2488'><img loading=\"lazy\" decoding=\"async\" width=\"169\" height=\"300\" src=\"https:\/\/oscetvrta.edu.ba\/wp-content\/uploads\/2025\/10\/viber_image_2025-10-21_13-03-13-173-1-169x300.jpg\" class=\"attachment-medium size-medium\" alt=\"\" srcset=\"https:\/\/oscetvrta.edu.ba\/wp-content\/uploads\/2025\/10\/viber_image_2025-10-21_13-03-13-173-1-169x300.jpg 169w, https:\/\/oscetvrta.edu.ba\/wp-content\/uploads\/2025\/10\/viber_image_2025-10-21_13-03-13-173-1-576x1024.jpg 576w, https:\/\/oscetvrta.edu.ba\/wp-content\/uploads\/2025\/10\/viber_image_2025-10-21_13-03-13-173-1-768x1364.jpg 768w, https:\/\/oscetvrta.edu.ba\/wp-content\/uploads\/2025\/10\/viber_image_2025-10-21_13-03-13-173-1-865x1536.jpg 865w, https:\/\/oscetvrta.edu.ba\/wp-content\/uploads\/2025\/10\/viber_image_2025-10-21_13-03-13-173-1.jpg 900w\" sizes=\"auto, (max-width: 169px) 100vw, 169px\" \/><\/a>\n\t\t\t<\/div><\/figure><figure class='gallery-item'>\n\t\t\t<div class='gallery-icon landscape'>\n\t\t\t\t<a href='https:\/\/oscetvrta.edu.ba\/?attachment_id=2487'><img loading=\"lazy\" decoding=\"async\" width=\"300\" height=\"225\" src=\"https:\/\/oscetvrta.edu.ba\/wp-content\/uploads\/2025\/10\/viber_image_2025-10-21_13-03-12-806-1-300x225.jpg\" class=\"attachment-medium size-medium\" alt=\"\" srcset=\"https:\/\/oscetvrta.edu.ba\/wp-content\/uploads\/2025\/10\/viber_image_2025-10-21_13-03-12-806-1-300x225.jpg 300w, https:\/\/oscetvrta.edu.ba\/wp-content\/uploads\/2025\/10\/viber_image_2025-10-21_13-03-12-806-1-1024x768.jpg 1024w, https:\/\/oscetvrta.edu.ba\/wp-content\/uploads\/2025\/10\/viber_image_2025-10-21_13-03-12-806-1-768x576.jpg 768w, https:\/\/oscetvrta.edu.ba\/wp-content\/uploads\/2025\/10\/viber_image_2025-10-21_13-03-12-806-1-1536x1152.jpg 1536w, https:\/\/oscetvrta.edu.ba\/wp-content\/uploads\/2025\/10\/viber_image_2025-10-21_13-03-12-806-1.jpg 1600w\" sizes=\"auto, (max-width: 300px) 100vw, 300px\" \/><\/a>\n\t\t\t<\/div><\/figure><figure class='gallery-item'>\n\t\t\t<div class='gallery-icon portrait'>\n\t\t\t\t<a href='https:\/\/oscetvrta.edu.ba\/?attachment_id=2486'><img loading=\"lazy\" decoding=\"async\" width=\"169\" height=\"300\" src=\"https:\/\/oscetvrta.edu.ba\/wp-content\/uploads\/2025\/10\/viber_image_2025-10-21_13-03-12-791-1-169x300.jpg\" class=\"attachment-medium size-medium\" alt=\"\" srcset=\"https:\/\/oscetvrta.edu.ba\/wp-content\/uploads\/2025\/10\/viber_image_2025-10-21_13-03-12-791-1-169x300.jpg 169w, https:\/\/oscetvrta.edu.ba\/wp-content\/uploads\/2025\/10\/viber_image_2025-10-21_13-03-12-791-1-576x1024.jpg 576w, https:\/\/oscetvrta.edu.ba\/wp-content\/uploads\/2025\/10\/viber_image_2025-10-21_13-03-12-791-1-768x1364.jpg 768w, https:\/\/oscetvrta.edu.ba\/wp-content\/uploads\/2025\/10\/viber_image_2025-10-21_13-03-12-791-1-865x1536.jpg 865w, https:\/\/oscetvrta.edu.ba\/wp-content\/uploads\/2025\/10\/viber_image_2025-10-21_13-03-12-791-1.jpg 900w\" sizes=\"auto, (max-width: 169px) 100vw, 169px\" \/><\/a>\n\t\t\t<\/div><\/figure>\n\t\t<\/div>\n\n","protected":false},"excerpt":{"rendered":"<p>Dobro do\u0161li u \u0161kolsku biblioteku \u2013 posebno mjesto znanja, ma\u0161te i rasta. Na\u0161a biblioteka je dom brojnih knjiga, \u010dasopisa i drugih izvora koji podr\u017eavaju svaki korak u va\u0161em obrazovanju i istra\u017eivanju. Ovdje svaki u\u010denik mo\u017ee prona\u0107i inspiraciju, pro\u0161iriti vidike i<\/p>\n","protected":false},"author":2,"featured_media":0,"parent":0,"menu_order":0,"comment_status":"closed","ping_status":"closed","template":"","meta":{"footnotes":""},"class_list":["post-2398","page","type-page","status-publish","hentry"],"_links":{"self":[{"href":"https:\/\/oscetvrta.edu.ba\/index.php?rest_route=\/wp\/v2\/pages\/2398","targetHints":{"allow":["GET"]}}],"collection":[{"href":"https:\/\/oscetvrta.edu.ba\/index.php?rest_route=\/wp\/v2\/pages"}],"about":[{"href":"https:\/\/oscetvrta.edu.ba\/index.php?rest_route=\/wp\/v2\/types\/page"}],"author":[{"embeddable":true,"href":"https:\/\/oscetvrta.edu.ba\/index.php?rest_route=\/wp\/v2\/users\/2"}],"replies":[{"embeddable":true,"href":"https:\/\/oscetvrta.edu.ba\/index.php?rest_route=%2Fwp%2Fv2%2Fcomments&post=2398"}],"version-history":[{"count":6,"href":"https:\/\/oscetvrta.edu.ba\/index.php?rest_route=\/wp\/v2\/pages\/2398\/revisions"}],"predecessor-version":[{"id":2498,"href":"https:\/\/oscetvrta.edu.ba\/index.php?rest_route=\/wp\/v2\/pages\/2398\/revisions\/2498"}],"wp:attachment":[{"href":"https:\/\/oscetvrta.edu.ba\/index.php?rest_route=%2Fwp%2Fv2%2Fmedia&parent=2398"}],"curies":[{"name":"wp","href":"https:\/\/api.w.org\/{rel}","templated":true}]}}