{"id":205,"date":"2022-03-19T07:31:50","date_gmt":"2022-03-19T07:31:50","guid":{"rendered":"http:\/\/oscetvrta.edu.ba\/?page_id=205"},"modified":"2026-02-02T09:34:26","modified_gmt":"2026-02-02T09:34:26","slug":"plan-javnih-nabavki","status":"publish","type":"page","link":"https:\/\/oscetvrta.edu.ba\/?page_id=205","title":{"rendered":"Plan javnih nabavki"},"content":{"rendered":"<p>&nbsp;<\/p>\n<p>Plan javnih nabavki za 2026. godinu<\/p>\n<div class=\"ead-preview\"><div class=\"ead-document\" style=\"position: relative;padding-top: 90%;\"><div class=\"ead-iframe-wrapper\"><iframe src=\"\/\/docs.google.com\/viewer?url=http%3A%2F%2Foscetvrta.edu.ba%2Fwp-content%2Fuploads%2F2026%2F02%2FPlan-javnih-nabavki-za-2026.-godinu-JU-Cetvrta-osnovna-skola-Ilidza-Hrasnica-1.pdf&amp;embedded=true&amp;hl=en\" title=\"Embedded Document\" class=\"ead-iframe\" style=\"width: 100%;height: 100%;border: none;position: absolute;left: 0;top: 0;visibility: hidden;\"><\/iframe><\/div>\t\t\t<div class=\"ead-document-loading\" style=\"width:100%;height:100%;position:absolute;left:0;top:0;z-index:10;\">\n\t\t\t\t<div class=\"ead-loading-wrap\">\n\t\t\t\t\t<div class=\"ead-loading-main\">\n\t\t\t\t\t\t<div class=\"ead-loading\">\n\t\t\t\t\t\t\t<img loading=\"lazy\" decoding=\"async\" src=\"https:\/\/oscetvrta.edu.ba\/wp-content\/plugins\/embed-any-document\/images\/loading.svg\" width=\"55\" height=\"55\" alt=\"Loader\">\n\t\t\t\t\t\t\t<span>Loading...<\/span>\n\t\t\t\t\t\t<\/div>\n\t\t\t\t\t<\/div>\n\t\t\t\t\t<div class=\"ead-loading-foot\">\n\t\t\t\t\t\t<div class=\"ead-loading-foot-title\">\n\t\t\t\t\t\t\t<img loading=\"lazy\" decoding=\"async\" src=\"https:\/\/oscetvrta.edu.ba\/wp-content\/plugins\/embed-any-document\/images\/EAD-logo.svg\" alt=\"EAD Logo\" width=\"36\" height=\"23\"\/>\n\t\t\t\t\t\t\t<span>Taking too long?<\/span>\n\t\t\t\t\t\t<\/div>\n\t\t\t\t\t\t<p>\n\t\t\t\t\t\t\t<div class=\"ead-document-btn ead-reload-btn\" role=\"button\">\n\t\t\t\t\t\t\t\t<img loading=\"lazy\" decoding=\"async\" src=\"https:\/\/oscetvrta.edu.ba\/wp-content\/plugins\/embed-any-document\/images\/reload.svg\" alt=\"Reload\" width=\"12\" height=\"12\"\/> Reload document\t\t\t\t\t\t\t<\/div>\n\t\t\t\t\t\t\t<span>|<\/span>\n\t\t\t\t\t\t\t<a href=\"http:\/\/oscetvrta.edu.ba\/wp-content\/uploads\/2026\/02\/Plan-javnih-nabavki-za-2026.-godinu-JU-Cetvrta-osnovna-skola-Ilidza-Hrasnica-1.pdf\" class=\"ead-document-btn\" target=\"_blank\">\n\t\t\t\t\t\t\t\t<img loading=\"lazy\" decoding=\"async\" src=\"https:\/\/oscetvrta.edu.ba\/wp-content\/plugins\/embed-any-document\/images\/open.svg\" alt=\"Open\" width=\"12\" height=\"12\"\/> Open in new tab\t\t\t\t\t\t\t<\/a>\n\t\t\t\t\t<\/div>\n\t\t\t\t<\/div>\n\t\t\t<\/div>\n\t\t<\/div><\/div>\n<p>&nbsp;<\/p>\n<p>&nbsp;<\/p>\n<p>&nbsp;<\/p>\n<p>&nbsp;<\/p>\n<p>Odluke o izboru najpovoljnijeg ponu\u0111a\u010da za nabavku opreme za kabinete biologije, hemije i fizike<\/p>\n<p><div class=\"ead-preview\"><div class=\"ead-document\" style=\"position: relative;padding-top: 90%;\"><div class=\"ead-iframe-wrapper\"><iframe src=\"\/\/docs.google.com\/viewer?url=http%3A%2F%2Foscetvrta.edu.ba%2Fwp-content%2Fuploads%2F2025%2F11%2FOdluka-o-izboru-najpovoljnijeg-ponudaca-za-LOT-1.pdf&amp;embedded=true&amp;hl=en\" title=\"Embedded Document\" class=\"ead-iframe\" style=\"width: 100%;height: 100%;border: none;position: absolute;left: 0;top: 0;visibility: hidden;\"><\/iframe><\/div>\t\t\t<div class=\"ead-document-loading\" style=\"width:100%;height:100%;position:absolute;left:0;top:0;z-index:10;\">\n\t\t\t\t<div class=\"ead-loading-wrap\">\n\t\t\t\t\t<div class=\"ead-loading-main\">\n\t\t\t\t\t\t<div class=\"ead-loading\">\n\t\t\t\t\t\t\t<img loading=\"lazy\" decoding=\"async\" src=\"https:\/\/oscetvrta.edu.ba\/wp-content\/plugins\/embed-any-document\/images\/loading.svg\" width=\"55\" height=\"55\" alt=\"Loader\">\n\t\t\t\t\t\t\t<span>Loading...<\/span>\n\t\t\t\t\t\t<\/div>\n\t\t\t\t\t<\/div>\n\t\t\t\t\t<div class=\"ead-loading-foot\">\n\t\t\t\t\t\t<div class=\"ead-loading-foot-title\">\n\t\t\t\t\t\t\t<img loading=\"lazy\" decoding=\"async\" src=\"https:\/\/oscetvrta.edu.ba\/wp-content\/plugins\/embed-any-document\/images\/EAD-logo.svg\" alt=\"EAD Logo\" width=\"36\" height=\"23\"\/>\n\t\t\t\t\t\t\t<span>Taking too long?<\/span>\n\t\t\t\t\t\t<\/div>\n\t\t\t\t\t\t<p>\n\t\t\t\t\t\t\t<div class=\"ead-document-btn ead-reload-btn\" role=\"button\">\n\t\t\t\t\t\t\t\t<img loading=\"lazy\" decoding=\"async\" src=\"https:\/\/oscetvrta.edu.ba\/wp-content\/plugins\/embed-any-document\/images\/reload.svg\" alt=\"Reload\" width=\"12\" height=\"12\"\/> Reload document\t\t\t\t\t\t\t<\/div>\n\t\t\t\t\t\t\t<span>|<\/span>\n\t\t\t\t\t\t\t<a href=\"http:\/\/oscetvrta.edu.ba\/wp-content\/uploads\/2025\/11\/Odluka-o-izboru-najpovoljnijeg-ponudaca-za-LOT-1.pdf\" class=\"ead-document-btn\" target=\"_blank\">\n\t\t\t\t\t\t\t\t<img loading=\"lazy\" decoding=\"async\" src=\"https:\/\/oscetvrta.edu.ba\/wp-content\/plugins\/embed-any-document\/images\/open.svg\" alt=\"Open\" width=\"12\" height=\"12\"\/> Open in new tab\t\t\t\t\t\t\t<\/a>\n\t\t\t\t\t<\/div>\n\t\t\t\t<\/div>\n\t\t\t<\/div>\n\t\t<\/div><\/div><br \/>\n<div class=\"ead-preview\"><div class=\"ead-document\" style=\"position: relative;padding-top: 90%;\"><div class=\"ead-iframe-wrapper\"><iframe src=\"\/\/docs.google.com\/viewer?url=http%3A%2F%2Foscetvrta.edu.ba%2Fwp-content%2Fuploads%2F2025%2F11%2FOdluka-o-izboru-najpovoljnijeg-ponudaca-za-LOT-2.pdf&amp;embedded=true&amp;hl=en\" title=\"Embedded Document\" class=\"ead-iframe\" style=\"width: 100%;height: 100%;border: none;position: absolute;left: 0;top: 0;visibility: hidden;\"><\/iframe><\/div>\t\t\t<div class=\"ead-document-loading\" style=\"width:100%;height:100%;position:absolute;left:0;top:0;z-index:10;\">\n\t\t\t\t<div class=\"ead-loading-wrap\">\n\t\t\t\t\t<div class=\"ead-loading-main\">\n\t\t\t\t\t\t<div class=\"ead-loading\">\n\t\t\t\t\t\t\t<img loading=\"lazy\" decoding=\"async\" src=\"https:\/\/oscetvrta.edu.ba\/wp-content\/plugins\/embed-any-document\/images\/loading.svg\" width=\"55\" height=\"55\" alt=\"Loader\">\n\t\t\t\t\t\t\t<span>Loading...<\/span>\n\t\t\t\t\t\t<\/div>\n\t\t\t\t\t<\/div>\n\t\t\t\t\t<div class=\"ead-loading-foot\">\n\t\t\t\t\t\t<div class=\"ead-loading-foot-title\">\n\t\t\t\t\t\t\t<img loading=\"lazy\" decoding=\"async\" src=\"https:\/\/oscetvrta.edu.ba\/wp-content\/plugins\/embed-any-document\/images\/EAD-logo.svg\" alt=\"EAD Logo\" width=\"36\" height=\"23\"\/>\n\t\t\t\t\t\t\t<span>Taking too long?<\/span>\n\t\t\t\t\t\t<\/div>\n\t\t\t\t\t\t<p>\n\t\t\t\t\t\t\t<div class=\"ead-document-btn ead-reload-btn\" role=\"button\">\n\t\t\t\t\t\t\t\t<img loading=\"lazy\" decoding=\"async\" src=\"https:\/\/oscetvrta.edu.ba\/wp-content\/plugins\/embed-any-document\/images\/reload.svg\" alt=\"Reload\" width=\"12\" height=\"12\"\/> Reload document\t\t\t\t\t\t\t<\/div>\n\t\t\t\t\t\t\t<span>|<\/span>\n\t\t\t\t\t\t\t<a href=\"http:\/\/oscetvrta.edu.ba\/wp-content\/uploads\/2025\/11\/Odluka-o-izboru-najpovoljnijeg-ponudaca-za-LOT-2.pdf\" class=\"ead-document-btn\" target=\"_blank\">\n\t\t\t\t\t\t\t\t<img loading=\"lazy\" decoding=\"async\" src=\"https:\/\/oscetvrta.edu.ba\/wp-content\/plugins\/embed-any-document\/images\/open.svg\" alt=\"Open\" width=\"12\" height=\"12\"\/> Open in new tab\t\t\t\t\t\t\t<\/a>\n\t\t\t\t\t<\/div>\n\t\t\t\t<\/div>\n\t\t\t<\/div>\n\t\t<\/div><\/div><div class=\"ead-preview\"><div class=\"ead-document\" style=\"position: relative;padding-top: 90%;\"><div class=\"ead-iframe-wrapper\"><iframe src=\"\/\/docs.google.com\/viewer?url=http%3A%2F%2Foscetvrta.edu.ba%2Fwp-content%2Fuploads%2F2025%2F11%2FOdluka-o-izboru-najpovoljnijeg-ponudaca-LOT-3.pdf&amp;embedded=true&amp;hl=en\" title=\"Embedded Document\" class=\"ead-iframe\" style=\"width: 100%;height: 100%;border: none;position: absolute;left: 0;top: 0;visibility: hidden;\"><\/iframe><\/div>\t\t\t<div class=\"ead-document-loading\" style=\"width:100%;height:100%;position:absolute;left:0;top:0;z-index:10;\">\n\t\t\t\t<div class=\"ead-loading-wrap\">\n\t\t\t\t\t<div class=\"ead-loading-main\">\n\t\t\t\t\t\t<div class=\"ead-loading\">\n\t\t\t\t\t\t\t<img loading=\"lazy\" decoding=\"async\" src=\"https:\/\/oscetvrta.edu.ba\/wp-content\/plugins\/embed-any-document\/images\/loading.svg\" width=\"55\" height=\"55\" alt=\"Loader\">\n\t\t\t\t\t\t\t<span>Loading...<\/span>\n\t\t\t\t\t\t<\/div>\n\t\t\t\t\t<\/div>\n\t\t\t\t\t<div class=\"ead-loading-foot\">\n\t\t\t\t\t\t<div class=\"ead-loading-foot-title\">\n\t\t\t\t\t\t\t<img loading=\"lazy\" decoding=\"async\" src=\"https:\/\/oscetvrta.edu.ba\/wp-content\/plugins\/embed-any-document\/images\/EAD-logo.svg\" alt=\"EAD Logo\" width=\"36\" height=\"23\"\/>\n\t\t\t\t\t\t\t<span>Taking too long?<\/span>\n\t\t\t\t\t\t<\/div>\n\t\t\t\t\t\t<p>\n\t\t\t\t\t\t\t<div class=\"ead-document-btn ead-reload-btn\" role=\"button\">\n\t\t\t\t\t\t\t\t<img loading=\"lazy\" decoding=\"async\" src=\"https:\/\/oscetvrta.edu.ba\/wp-content\/plugins\/embed-any-document\/images\/reload.svg\" alt=\"Reload\" width=\"12\" height=\"12\"\/> Reload document\t\t\t\t\t\t\t<\/div>\n\t\t\t\t\t\t\t<span>|<\/span>\n\t\t\t\t\t\t\t<a href=\"http:\/\/oscetvrta.edu.ba\/wp-content\/uploads\/2025\/11\/Odluka-o-izboru-najpovoljnijeg-ponudaca-LOT-3.pdf\" class=\"ead-document-btn\" target=\"_blank\">\n\t\t\t\t\t\t\t\t<img loading=\"lazy\" decoding=\"async\" src=\"https:\/\/oscetvrta.edu.ba\/wp-content\/plugins\/embed-any-document\/images\/open.svg\" alt=\"Open\" width=\"12\" height=\"12\"\/> Open in new tab\t\t\t\t\t\t\t<\/a>\n\t\t\t\t\t<\/div>\n\t\t\t\t<\/div>\n\t\t\t<\/div>\n\t\t<\/div><\/div><\/p>\n<p>&nbsp;<\/p>\n<p><em><a href=\"http:\/\/oscetvrta.edu.ba\/wp-content\/uploads\/2023\/07\/Plan-nabavki-za-2023.godinu.pdf\">Plan nabavki za 2025. godinu \u2013 JU \u201c\u010cetvrta osnovna \u0161kola\u201d Ilid\u017ea-Hrasnica<\/a><\/em><\/p>\n<p><em><br \/>\n<a href=\"https:\/\/oscetvrta.edu.ba\/wp-content\/uploads\/2025\/04\/Plan-nabavki-JU-Cetvrta-osnovna-skola-Ilidza-Hrasnica-za-2025.-godinu.pdf\" class=\"pdfemb-viewer\" style=\"\" data-width=\"max\" data-height=\"max\" data-toolbar=\"bottom\" data-toolbar-fixed=\"off\">Plan nabavki JU \u010cetvrta osnovna \u0161kola Ilid\u017ea-Hrasnica za 2025. godinu<\/a><\/em><\/p>\n<p><a href=\"http:\/\/oscetvrta.edu.ba\/wp-content\/uploads\/2023\/07\/Plan-nabavki-za-2023.godinu.pdf\">Plan nabavki za 2023. godinu &#8211; JU &#8220;\u010cetvrta osnovna \u0161kola&#8221; Ilid\u017ea-Hrasnica<\/a><\/p>\n<hr \/>\n<p><a href=\"https:\/\/oscetvrta.edu.ba\/wp-content\/uploads\/2022\/03\/Plan-nabavki-za-2022.godinu-JU-\u010cetvrta-osnovna-\u0161kola-Ilid\u017ea-Hrasnica-1.pdf\" target=\"_blank\" rel=\"noopener noreferrer\"><span style=\"color: #0000ff;\"><em>Plan nabavki za 2022.godinu-JU \u010cetvrta osnovna \u0161kola Ilid\u017ea-Hrasnica<\/em><\/span><\/a><\/p>\n<p><em><a href=\"https:\/\/oscetvrta.edu.ba\/wp-content\/uploads\/2022\/03\/Odluka-o-usvajanju-Plana-nabavki-za-2022.godinu-JU-\u010cetvrta-osnovna-\u0161kola-Ilid\u017ea-Hrasnica1.pdf\" target=\"_blank\" rel=\"noopener noreferrer\"><span style=\"color: #0000ff;\">Odluka o usvajanju Plana nabavki za 2022.godinu-JU \u010cetvrta osnovna \u0161kola Ilid\u017ea-Hrasnica<\/span><\/a><\/em><\/p>\n<hr \/>\n<p><a href=\"https:\/\/oscetvrta.edu.ba\/wp-content\/uploads\/2021\/04\/Plan-nabavki-JU-\u010cetvrta-osnovna-\u0161kola-Ilid\u017ea-Hrasnica-za-2021.godinu.pdf\" target=\"_blank\" rel=\"noopener noreferrer\"><span style=\"color: #0000ff;\"><em>Plan nabavki JU &#8220;\u010cetvrta osnovna \u0161kola&#8221; Ilid\u017ea-Hrasnica za 2021.godinu<\/em><\/span><\/a><\/p>\n<p><em><span style=\"color: #0000ff;\"><a style=\"color: #0000ff;\" href=\"http:\/\/oscetvrta.edu.ba\/wp-content\/uploads\/2020\/04\/Odluka-o-usvajanju-Plana-nabavki-JU-\u010cetvrta-osnovna-\u0161kola-za-2020.godinu.pdf\" target=\"_blank\" rel=\"noopener noreferrer\">Odluka o usvajanju Plana nabavki u JU&#8221;\u010detvrta osnovna \u0161kola&#8221;<\/a><\/span><\/em><\/p>\n<hr \/>\n<p><span style=\"color: #3366ff;\"><a style=\"color: #3366ff;\" href=\"http:\/\/oscetvrta.edu.ba\/wp-content\/uploads\/2020\/04\/Plan-nabavki-\u0161kole-za-2020_godinu.pdf\" target=\"_blank\" rel=\"noopener noreferrer\"><span style=\"color: #3366ff;\"><span style=\"color: #0000ff;\"><em>Plan nabavki \u0161kole za 2020 godinu<\/em><\/span><\/span><\/a><\/span><\/p>\n<p>&nbsp;<\/p>\n<p>&nbsp;<\/p>\n<div class=\"ead-preview\"><div class=\"ead-document\" style=\"position: relative;padding-top: 90%;\"><div class=\"ead-iframe-wrapper\"><iframe src=\"\/\/docs.google.com\/viewer?url=http%3A%2F%2Foscetvrta.edu.ba%2Fwp-content%2Fuploads%2F2019%2F06%2Fplan-nabavki-za-2019.-godinu.pdf&amp;embedded=true&amp;hl=en\" title=\"Embedded Document\" class=\"ead-iframe\" style=\"width: 100%;height: 100%;border: none;position: absolute;left: 0;top: 0;visibility: hidden;\"><\/iframe><\/div>\t\t\t<div class=\"ead-document-loading\" style=\"width:100%;height:100%;position:absolute;left:0;top:0;z-index:10;\">\n\t\t\t\t<div class=\"ead-loading-wrap\">\n\t\t\t\t\t<div class=\"ead-loading-main\">\n\t\t\t\t\t\t<div class=\"ead-loading\">\n\t\t\t\t\t\t\t<img loading=\"lazy\" decoding=\"async\" src=\"https:\/\/oscetvrta.edu.ba\/wp-content\/plugins\/embed-any-document\/images\/loading.svg\" width=\"55\" height=\"55\" alt=\"Loader\">\n\t\t\t\t\t\t\t<span>Loading...<\/span>\n\t\t\t\t\t\t<\/div>\n\t\t\t\t\t<\/div>\n\t\t\t\t\t<div class=\"ead-loading-foot\">\n\t\t\t\t\t\t<div class=\"ead-loading-foot-title\">\n\t\t\t\t\t\t\t<img loading=\"lazy\" decoding=\"async\" src=\"https:\/\/oscetvrta.edu.ba\/wp-content\/plugins\/embed-any-document\/images\/EAD-logo.svg\" alt=\"EAD Logo\" width=\"36\" height=\"23\"\/>\n\t\t\t\t\t\t\t<span>Taking too long?<\/span>\n\t\t\t\t\t\t<\/div>\n\t\t\t\t\t\t<p>\n\t\t\t\t\t\t\t<div class=\"ead-document-btn ead-reload-btn\" role=\"button\">\n\t\t\t\t\t\t\t\t<img loading=\"lazy\" decoding=\"async\" src=\"https:\/\/oscetvrta.edu.ba\/wp-content\/plugins\/embed-any-document\/images\/reload.svg\" alt=\"Reload\" width=\"12\" height=\"12\"\/> Reload document\t\t\t\t\t\t\t<\/div>\n\t\t\t\t\t\t\t<span>|<\/span>\n\t\t\t\t\t\t\t<a href=\"http:\/\/oscetvrta.edu.ba\/wp-content\/uploads\/2019\/06\/plan-nabavki-za-2019.-godinu.pdf\" class=\"ead-document-btn\" target=\"_blank\">\n\t\t\t\t\t\t\t\t<img loading=\"lazy\" decoding=\"async\" src=\"https:\/\/oscetvrta.edu.ba\/wp-content\/plugins\/embed-any-document\/images\/open.svg\" alt=\"Open\" width=\"12\" height=\"12\"\/> Open in new tab\t\t\t\t\t\t\t<\/a>\n\t\t\t\t\t<\/div>\n\t\t\t\t<\/div>\n\t\t\t<\/div>\n\t\t<\/div><\/div>\n<p><img loading=\"lazy\" decoding=\"async\" class=\"aligncenter wp-image-202 size-full\" src=\"http:\/\/oscetvrta.edu.ba\/wp-content\/uploads\/2017\/05\/Plan-JN-1.jpg\" alt=\"\" width=\"1492\" height=\"2146\" srcset=\"https:\/\/oscetvrta.edu.ba\/wp-content\/uploads\/2017\/05\/Plan-JN-1.jpg 1492w, https:\/\/oscetvrta.edu.ba\/wp-content\/uploads\/2017\/05\/Plan-JN-1-209x300.jpg 209w, https:\/\/oscetvrta.edu.ba\/wp-content\/uploads\/2017\/05\/Plan-JN-1-768x1105.jpg 768w, https:\/\/oscetvrta.edu.ba\/wp-content\/uploads\/2017\/05\/Plan-JN-1-712x1024.jpg 712w\" sizes=\"auto, (max-width: 1492px) 100vw, 1492px\" \/><\/p>\n<p><img loading=\"lazy\" decoding=\"async\" class=\"alignnone wp-image-203 size-full\" src=\"http:\/\/oscetvrta.edu.ba\/wp-content\/uploads\/2017\/05\/Plan-JN-2.jpg\" alt=\"\" width=\"1449\" height=\"2113\" srcset=\"https:\/\/oscetvrta.edu.ba\/wp-content\/uploads\/2017\/05\/Plan-JN-2.jpg 1449w, https:\/\/oscetvrta.edu.ba\/wp-content\/uploads\/2017\/05\/Plan-JN-2-206x300.jpg 206w, https:\/\/oscetvrta.edu.ba\/wp-content\/uploads\/2017\/05\/Plan-JN-2-768x1120.jpg 768w, https:\/\/oscetvrta.edu.ba\/wp-content\/uploads\/2017\/05\/Plan-JN-2-702x1024.jpg 702w\" sizes=\"auto, (max-width: 1449px) 100vw, 1449px\" \/><\/p>\n","protected":false},"excerpt":{"rendered":"<p>&nbsp; Plan javnih nabavki za 2026. godinu &nbsp; &nbsp; &nbsp; &nbsp; Odluke o izboru najpovoljnijeg ponu\u0111a\u010da za nabavku opreme za kabinete biologije, hemije i fizike &nbsp; Plan nabavki za 2025. godinu \u2013 JU \u201c\u010cetvrta osnovna \u0161kola\u201d Ilid\u017ea-Hrasnica Plan nabavki za<\/p>\n","protected":false},"author":1,"featured_media":0,"parent":0,"menu_order":0,"comment_status":"closed","ping_status":"closed","template":"","meta":{"footnotes":""},"class_list":["post-205","page","type-page","status-publish","hentry"],"_links":{"self":[{"href":"https:\/\/oscetvrta.edu.ba\/index.php?rest_route=\/wp\/v2\/pages\/205","targetHints":{"allow":["GET"]}}],"collection":[{"href":"https:\/\/oscetvrta.edu.ba\/index.php?rest_route=\/wp\/v2\/pages"}],"about":[{"href":"https:\/\/oscetvrta.edu.ba\/index.php?rest_route=\/wp\/v2\/types\/page"}],"author":[{"embeddable":true,"href":"https:\/\/oscetvrta.edu.ba\/index.php?rest_route=\/wp\/v2\/users\/1"}],"replies":[{"embeddable":true,"href":"https:\/\/oscetvrta.edu.ba\/index.php?rest_route=%2Fwp%2Fv2%2Fcomments&post=205"}],"version-history":[{"count":26,"href":"https:\/\/oscetvrta.edu.ba\/index.php?rest_route=\/wp\/v2\/pages\/205\/revisions"}],"predecessor-version":[{"id":2650,"href":"https:\/\/oscetvrta.edu.ba\/index.php?rest_route=\/wp\/v2\/pages\/205\/revisions\/2650"}],"wp:attachment":[{"href":"https:\/\/oscetvrta.edu.ba\/index.php?rest_route=%2Fwp%2Fv2%2Fmedia&parent=205"}],"curies":[{"name":"wp","href":"https:\/\/api.w.org\/{rel}","templated":true}]}}