{"id":195,"date":"2022-08-23T11:26:22","date_gmt":"2022-08-23T11:26:22","guid":{"rendered":"http:\/\/oscetvrta.edu.ba\/?page_id=195"},"modified":"2022-08-23T14:38:28","modified_gmt":"2022-08-23T14:38:28","slug":"javna-nabavke","status":"publish","type":"page","link":"https:\/\/oscetvrta.edu.ba\/?page_id=195","title":{"rendered":"Javna nabavke"},"content":{"rendered":"<p><span style=\"color: #0000ff;\"><a style=\"color: #0000ff;\" href=\"https:\/\/oscetvrta.edu.ba\/wp-content\/uploads\/2022\/08\/Odluka-o-izboru-najpovoljnijeg-ponu\u0111a\u010da-za-LOT-1-BOSANSKA-KNJIGA-D.O.O..pdf\" target=\"_blank\" rel=\"noopener noreferrer\">Odluka o izboru najpovoljnijeg ponu\u0111a\u010da za LOT 1 &#8211; BOSANSKA KNJIGA D.O.O.<\/a><\/span><\/p>\n<p><span style=\"color: #0000ff;\"><a style=\"color: #0000ff;\" href=\"https:\/\/oscetvrta.edu.ba\/wp-content\/uploads\/2022\/08\/Odluka-o-izboru-najpovoljnijeg-ponu\u0111a\u010da-za-LOT-2-SARAJEVO-PUBLISHING-D.D..pdf\" target=\"_blank\" rel=\"noopener noreferrer\">Odluka o izboru najpovoljnijeg ponu\u0111a\u010da za LOT 2 &#8211; SARAJEVO PUBLISHING D.D.<\/a><\/span><\/p>\n<p><span style=\"color: #0000ff;\"><a style=\"color: #0000ff;\" href=\"https:\/\/oscetvrta.edu.ba\/wp-content\/uploads\/2022\/08\/Odluka-o-izboru-najpovoljnijeg-ponu\u0111a\u010da-za-LOT-3-NOVA-DJE\u010cIJA-KNJIGA-D.O.O..pdf\" target=\"_blank\" rel=\"noopener noreferrer\">Odluka o izboru najpovoljnijeg ponu\u0111a\u010da za LOT 3 &#8211; NOVA DJE\u010cIJA KNJIGA D.O.O.<\/a><\/span><\/p>\n<p><span style=\"color: #0000ff;\"><a style=\"color: #0000ff;\" href=\"https:\/\/oscetvrta.edu.ba\/wp-content\/uploads\/2022\/08\/Odluka-o-izboru-najpovoljnijeg-ponu\u0111a\u010da-za-LOT-4-IK-VRIJEME.pdf\" target=\"_blank\" rel=\"noopener noreferrer\">Odluka o izboru najpovoljnijeg ponu\u0111a\u010da za LOT 4 &#8211; IK VRIJEME<\/a><\/span><\/p>\n<p>&nbsp;<\/p>\n<p><a href=\"https:\/\/www.anticorrupiks.com\/\/institucija\/4DA25BA9-98C3-B344-B8A7-1BED3DA07B35\/registar-javnih-nabavki\" target=\"_blank\" rel=\"noopener noreferrer\"><span style=\"color: #0000ff;\">Registar podataka o javnim<\/span> <span style=\"color: #0000ff;\">nabavkama<\/span><\/a><\/p>\n<p>Javni oglas za izdavanje u zakup \u0161kolske kuhinje sa kafeterijom mo\u017eete pogledati\u00a0<span style=\"color: #3366ff;\"><a style=\"color: #3366ff;\" href=\"http:\/\/oscetvrta.edu.ba\/wp-content\/uploads\/2020\/10\/Javni-oglas-za-izdavanje-u-zakup-\u0161kolske-kuhinje-sa-kafeterijom.pdf\" target=\"_blank\" rel=\"noopener noreferrer\">OVDJE<\/a><\/span><\/p>\n<p>Po\u0161tovani, na\u00a0 linku ispod mo\u017eete pogledati odluku o izboru najpovoljnijeg ponu\u0111a\u010da<\/p>\n<p><a href=\"http:\/\/oscetvrta.edu.ba\/wp-content\/uploads\/2018\/11\/odluka-o-izboru-najpovoljnijeg-ponu\u0111a\u010da.pdf\"><span style=\"color: #0000ff;\"><span style=\"color: #0000ff;\">Odluka o izboru najpovoljnijeg ponu\u0111a\u010da<\/span><\/span><\/a><\/p>\n<hr \/>\n<p><img decoding=\"async\" src=\"http:\/\/oscetvrta.edu.ba\/wp-content\/uploads\/2018\/10\/scan0076-1.jpg\" \/><\/p>\n","protected":false},"excerpt":{"rendered":"<p>Odluka o izboru najpovoljnijeg ponu\u0111a\u010da za LOT 1 &#8211; BOSANSKA KNJIGA D.O.O. Odluka o izboru najpovoljnijeg ponu\u0111a\u010da za LOT 2 &#8211; SARAJEVO PUBLISHING D.D. Odluka o izboru najpovoljnijeg ponu\u0111a\u010da za LOT 3 &#8211; NOVA DJE\u010cIJA KNJIGA D.O.O. Odluka o izboru<\/p>\n","protected":false},"author":1,"featured_media":0,"parent":0,"menu_order":0,"comment_status":"closed","ping_status":"closed","template":"","meta":{"footnotes":""},"class_list":["post-195","page","type-page","status-publish","hentry"],"_links":{"self":[{"href":"https:\/\/oscetvrta.edu.ba\/index.php?rest_route=\/wp\/v2\/pages\/195","targetHints":{"allow":["GET"]}}],"collection":[{"href":"https:\/\/oscetvrta.edu.ba\/index.php?rest_route=\/wp\/v2\/pages"}],"about":[{"href":"https:\/\/oscetvrta.edu.ba\/index.php?rest_route=\/wp\/v2\/types\/page"}],"author":[{"embeddable":true,"href":"https:\/\/oscetvrta.edu.ba\/index.php?rest_route=\/wp\/v2\/users\/1"}],"replies":[{"embeddable":true,"href":"https:\/\/oscetvrta.edu.ba\/index.php?rest_route=%2Fwp%2Fv2%2Fcomments&post=195"}],"version-history":[{"count":16,"href":"https:\/\/oscetvrta.edu.ba\/index.php?rest_route=\/wp\/v2\/pages\/195\/revisions"}],"predecessor-version":[{"id":1806,"href":"https:\/\/oscetvrta.edu.ba\/index.php?rest_route=\/wp\/v2\/pages\/195\/revisions\/1806"}],"wp:attachment":[{"href":"https:\/\/oscetvrta.edu.ba\/index.php?rest_route=%2Fwp%2Fv2%2Fmedia&parent=195"}],"curies":[{"name":"wp","href":"https:\/\/api.w.org\/{rel}","templated":true}]}}