{"id":1866,"date":"2023-01-12T08:18:52","date_gmt":"2023-01-12T08:18:52","guid":{"rendered":"https:\/\/oscetvrta.edu.ba\/?page_id=1866"},"modified":"2023-11-01T10:07:11","modified_gmt":"2023-11-01T10:07:11","slug":"prijava-korupcije","status":"publish","type":"page","link":"https:\/\/oscetvrta.edu.ba\/?page_id=1866","title":{"rendered":"Prijava korupcije"},"content":{"rendered":"<h1>Prijava korupcije<\/h1>\n<p>Na osnovu \u010dlana 35. Zakona o prevenciji i suzbijanju korupcije u Kantonu Sarajevo (\u201eSlu\u017ebene novine Kantona Sarajevo\u201c broj 35\/22), J.U. \u010cetvrta osnovna \u0161kola Hrasnica je\u00a0 usvojila Pravilnik o postupku internog prijavljivanja korupcije u J.U. \u010cetvrta osnovna \u0161kola Hrasnica.<\/p>\n<p><strong>Obrazac za prijavu korupcije<\/strong> mo\u017ee se preuzeti na ovoj stranici u djelu ispod teksta, a prijava se mo\u017ee podnijeti putem po\u0161te na adresu: JU \u010cetvrta osnovna \u0161kola Hrasnica, Ul. Put Famosa 33, 71212 Hrasnica. (sa naznakom Interno prijavljivanje korupcije, n\/r Odgovornog lica ili Ovla\u0161tenih lica, \u201cNE OTVARAJ\u201d) ili putem emaila: cetvrta.osnovnahr@gmail.com<\/p>\n<p><a href=\"https:\/\/oscetvrta.edu.ba\/?attachment_id=1886\" rel=\"attachment wp-att-1886\">Obrazac-za-internu-prijavu-korupcije<\/a><\/p>\n<p>Na sljede\u0107em linku se nalazi online obrazac za internu prijavu korupcije:<\/p>\n<p><a href=\"https:\/\/docs.google.com\/forms\/d\/e\/1FAIpQLSf_qxREwUAq2IFy9u6gdvHeoO7vItisZVogot_51a3UMesbAQ\/viewform?usp=sf_link\">https:\/\/docs.google.com\/forms\/d\/e\/1FAIpQLSf_qxREwUAq2IFy9u6gdvHeoO7vItisZVogot_51a3UMesbAQ\/viewform?usp=sf_link<\/a><\/p>\n","protected":false},"excerpt":{"rendered":"<p>Prijava korupcije Na osnovu \u010dlana 35. Zakona o prevenciji i suzbijanju korupcije u Kantonu Sarajevo (\u201eSlu\u017ebene novine Kantona Sarajevo\u201c broj 35\/22), J.U. \u010cetvrta osnovna \u0161kola Hrasnica je\u00a0 usvojila Pravilnik o postupku internog prijavljivanja korupcije u J.U. \u010cetvrta osnovna \u0161kola Hrasnica.<\/p>\n","protected":false},"author":4,"featured_media":0,"parent":0,"menu_order":0,"comment_status":"closed","ping_status":"closed","template":"","meta":{"footnotes":""},"class_list":["post-1866","page","type-page","status-publish","hentry"],"_links":{"self":[{"href":"https:\/\/oscetvrta.edu.ba\/index.php?rest_route=\/wp\/v2\/pages\/1866","targetHints":{"allow":["GET"]}}],"collection":[{"href":"https:\/\/oscetvrta.edu.ba\/index.php?rest_route=\/wp\/v2\/pages"}],"about":[{"href":"https:\/\/oscetvrta.edu.ba\/index.php?rest_route=\/wp\/v2\/types\/page"}],"author":[{"embeddable":true,"href":"https:\/\/oscetvrta.edu.ba\/index.php?rest_route=\/wp\/v2\/users\/4"}],"replies":[{"embeddable":true,"href":"https:\/\/oscetvrta.edu.ba\/index.php?rest_route=%2Fwp%2Fv2%2Fcomments&post=1866"}],"version-history":[{"count":14,"href":"https:\/\/oscetvrta.edu.ba\/index.php?rest_route=\/wp\/v2\/pages\/1866\/revisions"}],"predecessor-version":[{"id":2145,"href":"https:\/\/oscetvrta.edu.ba\/index.php?rest_route=\/wp\/v2\/pages\/1866\/revisions\/2145"}],"wp:attachment":[{"href":"https:\/\/oscetvrta.edu.ba\/index.php?rest_route=%2Fwp%2Fv2%2Fmedia&parent=1866"}],"curies":[{"name":"wp","href":"https:\/\/api.w.org\/{rel}","templated":true}]}}