{"id":134,"date":"2022-08-04T19:24:11","date_gmt":"2022-08-04T19:24:11","guid":{"rendered":"http:\/\/oscetvrta.edu.ba\/?page_id=134"},"modified":"2026-02-01T11:04:34","modified_gmt":"2026-02-01T11:04:34","slug":"upis","status":"publish","type":"page","link":"https:\/\/oscetvrta.edu.ba\/?page_id=134","title":{"rendered":"UPIS"},"content":{"rendered":"<div class=\"html-div xdj266r x14z9mp xat24cr x1lziwak xexx8yu xyri2b x18d9i69 x1c1uobl\" data-ad-rendering-role=\"story_message\">\n<div class=\"x1l90r2v x1iorvi4 x1g0dm76 xpdmqnj\" data-ad-comet-preview=\"message\" data-ad-preview=\"message\">\n<div class=\"x78zum5 xdt5ytf xz62fqu x16ldp7u\">\n<div class=\"xu06os2 x1ok221b\">\n<div class=\"html-div xdj266r x14z9mp xat24cr x1lziwak xexx8yu xyri2b x18d9i69 x1c1uobl\">\n<div class=\"xdj266r x14z9mp xat24cr x1lziwak x1vvkbs x126k92a\">\n<div dir=\"auto\">UPIS U PRVI RAZRED OSNOVNE \u0160KOLE<\/div>\n<\/div>\n<div class=\"x14z9mp xat24cr x1lziwak x1vvkbs xtlvy1s x126k92a\">\n<div dir=\"auto\"><span class=\"html-span xexx8yu xyri2b x18d9i69 x1c1uobl x1hl2dhg x16tdsg8 x1vvkbs x3nfvp2 x1j61x8r x1fcty0u xdj266r xat24cr xm2jcoa x1mpyi22 xxymvpz xlup9mm x1kky2od\"><img loading=\"lazy\" decoding=\"async\" class=\"xz74otr x15mokao x1ga7v0g x16uus16 xbiv7yw\" src=\"https:\/\/static.xx.fbcdn.net\/images\/emoji.php\/v9\/ta4\/1\/16\/1f392.png\" alt=\"\" width=\"16\" height=\"16\" \/><\/span>\u00a0\u0160kolska 2026\/2027. godina<\/div>\n<\/div>\n<div class=\"x14z9mp xat24cr x1lziwak x1vvkbs xtlvy1s x126k92a\">\n<div dir=\"auto\"><span class=\"html-span xexx8yu xyri2b x18d9i69 x1c1uobl x1hl2dhg x16tdsg8 x1vvkbs x3nfvp2 x1j61x8r x1fcty0u xdj266r xat24cr xm2jcoa x1mpyi22 xxymvpz xlup9mm x1kky2od\"><img loading=\"lazy\" decoding=\"async\" class=\"xz74otr x15mokao x1ga7v0g x16uus16 xbiv7yw\" src=\"https:\/\/static.xx.fbcdn.net\/images\/emoji.php\/v9\/te0\/1\/16\/1f31f.png\" alt=\"\" width=\"16\" height=\"16\" \/><\/span>\u00a0Prvi koraci znanja po\u010dinju ovdje<\/div>\n<div dir=\"auto\"><\/div>\n<div dir=\"auto\">JU \u010cetvrta osnovna \u0161kola Ilid\u017ea-Hrasnica s rado\u0161\u0107u poziva roditelje i budu\u0107e prva\u010di\u0107e na upis u prvi razred osnovne \u0161kole.<\/div>\n<div dir=\"auto\">Upisni rok:<\/div>\n<div dir=\"auto\">02.02. \u2013 27.02.2026. godine<\/div>\n<\/div>\n<div class=\"x14z9mp xat24cr x1lziwak x1vvkbs xtlvy1s x126k92a\">\n<div dir=\"auto\">\n<p>Sve informacije o uslovima upisa, i potrebnoj dokumentaciji nalaze se u zvani\u010dnom pozivu na fotografijama.<\/p>\n<\/div>\n<\/div>\n<div class=\"x14z9mp xat24cr x1lziwak x1vvkbs xtlvy1s x126k92a\">\n<div dir=\"auto\"><em><strong>DRAGI NA\u0160I BUDU\u0106I PRVA\u010cI\u0106I<\/strong><\/em><\/div>\n<div dir=\"auto\">Pred vama je jedan va\u017ean i radostan korak \u2013 ulazak u svijet znanja, novih prijateljstava i lijepih uspomena.<\/div>\n<div dir=\"auto\">\n<p>Na\u0161a \u0161kola bit \u0107e va\u0161e sigurno mjesto za u\u010denje, igru i rast.<\/p>\n<\/div>\n<div dir=\"auto\"><em><strong>PORUKA ZA RODITELJE<\/strong><\/em><\/div>\n<div dir=\"auto\">Svjesni smo koliko je polazak u \u0161kolu va\u017ean trenutak za cijelu porodicu.<\/div>\n<div dir=\"auto\">\n<p>U JU \u010cetvrta osnovna \u0161kola Ilid\u017ea-Hrasnica va\u0161e dijete ima siguran po\u010detak \u0161kolskog puta, uz stru\u010dnu podr\u0161ku i partnersku saradnju s roditeljima.<\/p>\n<\/div>\n<\/div>\n<div class=\"x14z9mp xat24cr x1lziwak x1vvkbs xtlvy1s x126k92a\">\n<div dir=\"auto\"><em><strong>PRODU\u017dENI BORAVAK \u2013 DODATNA PODR\u0160KA RODITELJIMA<\/strong><\/em><\/div>\n<div dir=\"auto\">Od \u0161kolske 2025\/2026. godine \u0161kola organizuje produ\u017eeni boravak za u\u010denike razredne nastave, uklju\u010duju\u0107i i u\u010denike I razreda.<\/div>\n<div dir=\"auto\">Produ\u017eeni boravak trenutno poha\u0111a oko 30 u\u010denika, a planiran je kao kontinuirana aktivnost, uz mogu\u0107nost pro\u0161irenja kapaciteta prema potrebama roditelja.<\/div>\n<div dir=\"auto\"><span class=\"html-span xexx8yu xyri2b x18d9i69 x1c1uobl x1hl2dhg x16tdsg8 x1vvkbs x3nfvp2 x1j61x8r x1fcty0u xdj266r xat24cr xm2jcoa x1mpyi22 xxymvpz xlup9mm x1kky2od\"><img loading=\"lazy\" decoding=\"async\" class=\"xz74otr x15mokao x1ga7v0g x16uus16 xbiv7yw\" src=\"https:\/\/static.xx.fbcdn.net\/images\/emoji.php\/v9\/t51\/1\/16\/2714.png\" alt=\"\u2714\ufe0f\" width=\"16\" height=\"16\" \/><\/span>\u00a0pomo\u0107 u izradi doma\u0107ih zadataka<\/div>\n<div dir=\"auto\"><span class=\"html-span xexx8yu xyri2b x18d9i69 x1c1uobl x1hl2dhg x16tdsg8 x1vvkbs x3nfvp2 x1j61x8r x1fcty0u xdj266r xat24cr xm2jcoa x1mpyi22 xxymvpz xlup9mm x1kky2od\"><img loading=\"lazy\" decoding=\"async\" class=\"xz74otr x15mokao x1ga7v0g x16uus16 xbiv7yw\" src=\"https:\/\/static.xx.fbcdn.net\/images\/emoji.php\/v9\/t51\/1\/16\/2714.png\" alt=\"\u2714\ufe0f\" width=\"16\" height=\"16\" \/><\/span>\u00a0stru\u010dno vo\u0111en boravak nakon nastave<\/div>\n<div dir=\"auto\"><span class=\"html-span xexx8yu xyri2b x18d9i69 x1c1uobl x1hl2dhg x16tdsg8 x1vvkbs x3nfvp2 x1j61x8r x1fcty0u xdj266r xat24cr xm2jcoa x1mpyi22 xxymvpz xlup9mm x1kky2od\"><img loading=\"lazy\" decoding=\"async\" class=\"xz74otr x15mokao x1ga7v0g x16uus16 xbiv7yw\" src=\"https:\/\/static.xx.fbcdn.net\/images\/emoji.php\/v9\/t51\/1\/16\/2714.png\" alt=\"\u2714\ufe0f\" width=\"16\" height=\"16\" \/><\/span>\u00a0kreativne i odgojno-obrazovne aktivnosti<\/div>\n<div dir=\"auto\"><span class=\"html-span xexx8yu xyri2b x18d9i69 x1c1uobl x1hl2dhg x16tdsg8 x1vvkbs x3nfvp2 x1j61x8r x1fcty0u xdj266r xat24cr xm2jcoa x1mpyi22 xxymvpz xlup9mm x1kky2od\"><img loading=\"lazy\" decoding=\"async\" class=\"xz74otr x15mokao x1ga7v0g x16uus16 xbiv7yw\" src=\"https:\/\/static.xx.fbcdn.net\/images\/emoji.php\/v9\/t51\/1\/16\/2714.png\" alt=\"\u2714\ufe0f\" width=\"16\" height=\"16\" \/><\/span>\u00a0sigurno i nadzirano okru\u017eenje<\/div>\n<\/div>\n<div class=\"x14z9mp xat24cr x1lziwak x1vvkbs xtlvy1s x126k92a\">\n<div dir=\"auto\"><span class=\"html-span xexx8yu xyri2b x18d9i69 x1c1uobl x1hl2dhg x16tdsg8 x1vvkbs x3nfvp2 x1j61x8r x1fcty0u xdj266r xat24cr xm2jcoa x1mpyi22 xxymvpz xlup9mm x1kky2od\"><img loading=\"lazy\" decoding=\"async\" class=\"xz74otr x15mokao x1ga7v0g x16uus16 xbiv7yw\" src=\"https:\/\/static.xx.fbcdn.net\/images\/emoji.php\/v9\/t4d\/1\/16\/1f4de.png\" alt=\"\" width=\"16\" height=\"16\" \/><\/span>\u00a0Kontakt: 033\/698-202<\/div>\n<div dir=\"auto\"><span class=\"html-span xexx8yu xyri2b x18d9i69 x1c1uobl x1hl2dhg x16tdsg8 x1vvkbs x3nfvp2 x1j61x8r x1fcty0u xdj266r xat24cr xm2jcoa x1mpyi22 xxymvpz xlup9mm x1kky2od\"><img loading=\"lazy\" decoding=\"async\" class=\"xz74otr x15mokao x1ga7v0g x16uus16 xbiv7yw\" src=\"https:\/\/static.xx.fbcdn.net\/images\/emoji.php\/v9\/t37\/1\/16\/2709.png\" alt=\"\u2709\ufe0f\" width=\"16\" height=\"16\" \/><\/span>\u00a0<strong>E-mail: cetvrta.osnovna@bih.net.ba<\/strong><\/div>\n<\/div>\n<\/div>\n<\/div>\n<\/div>\n<\/div>\n<\/div>\n<div class=\"ead-document\">\n<div class=\"ead-preview\"><div class=\"ead-document\" style=\"position: relative;padding-top: 90%;\"><div class=\"ead-iframe-wrapper\"><iframe src=\"\/\/docs.google.com\/viewer?url=http%3A%2F%2Foscetvrta.edu.ba%2Fwp-content%2Fuploads%2F2026%2F01%2FPoziv-za-upis-prvacica-u-skolsku-2026-2027.-godini.pdf&amp;embedded=true&amp;hl=en\" title=\"Embedded Document\" class=\"ead-iframe\" style=\"width: 100%;height: 100%;border: none;position: absolute;left: 0;top: 0;visibility: hidden;\"><\/iframe><\/div>\t\t\t<div class=\"ead-document-loading\" style=\"width:100%;height:100%;position:absolute;left:0;top:0;z-index:10;\">\n\t\t\t\t<div class=\"ead-loading-wrap\">\n\t\t\t\t\t<div class=\"ead-loading-main\">\n\t\t\t\t\t\t<div class=\"ead-loading\">\n\t\t\t\t\t\t\t<img loading=\"lazy\" decoding=\"async\" src=\"https:\/\/oscetvrta.edu.ba\/wp-content\/plugins\/embed-any-document\/images\/loading.svg\" width=\"55\" height=\"55\" alt=\"Loader\">\n\t\t\t\t\t\t\t<span>Loading...<\/span>\n\t\t\t\t\t\t<\/div>\n\t\t\t\t\t<\/div>\n\t\t\t\t\t<div class=\"ead-loading-foot\">\n\t\t\t\t\t\t<div class=\"ead-loading-foot-title\">\n\t\t\t\t\t\t\t<img loading=\"lazy\" decoding=\"async\" src=\"https:\/\/oscetvrta.edu.ba\/wp-content\/plugins\/embed-any-document\/images\/EAD-logo.svg\" alt=\"EAD Logo\" width=\"36\" height=\"23\"\/>\n\t\t\t\t\t\t\t<span>Taking too long?<\/span>\n\t\t\t\t\t\t<\/div>\n\t\t\t\t\t\t<p>\n\t\t\t\t\t\t\t<div class=\"ead-document-btn ead-reload-btn\" role=\"button\">\n\t\t\t\t\t\t\t\t<img loading=\"lazy\" decoding=\"async\" src=\"https:\/\/oscetvrta.edu.ba\/wp-content\/plugins\/embed-any-document\/images\/reload.svg\" alt=\"Reload\" width=\"12\" height=\"12\"\/> Reload document\t\t\t\t\t\t\t<\/div>\n\t\t\t\t\t\t\t<span>|<\/span>\n\t\t\t\t\t\t\t<a href=\"http:\/\/oscetvrta.edu.ba\/wp-content\/uploads\/2026\/01\/Poziv-za-upis-prvacica-u-skolsku-2026-2027.-godini.pdf\" class=\"ead-document-btn\" target=\"_blank\">\n\t\t\t\t\t\t\t\t<img loading=\"lazy\" decoding=\"async\" src=\"https:\/\/oscetvrta.edu.ba\/wp-content\/plugins\/embed-any-document\/images\/open.svg\" alt=\"Open\" width=\"12\" height=\"12\"\/> Open in new tab\t\t\t\t\t\t\t<\/a>\n\t\t\t\t\t<\/div>\n\t\t\t\t<\/div>\n\t\t\t<\/div>\n\t\t<\/div><\/div>\n<p>\u0160kolsko podru\u010dje &#8220;\u010cetvrte osnovne \u0161kole&#8221; \u010dine ulice:<br \/>\nVrelo, Tvrdica, Bunica, Kerima D\u017eafi\u0107a, Put spasa, Zije Krajine, Kolibe, Tinjak, Generala Izeta Nani\u0107a, Gaj, Begluk, La\u0161i\u010dki drum, Lasi\u010dke megare, Ba\u0161i\u0107a sokak, 6. April, Izeta Musi\u0107a, \u0160ehitluci, Suvada \u0110ulimana, Dervi\u0161 -pa\u0161e Bajezidagi\u0107a, Put Famosa, \u0160erifi\u0107i, Jasen, Zoranovi\u0107i.<\/p>\n<\/div>\n","protected":false},"excerpt":{"rendered":"<p>UPIS U PRVI RAZRED OSNOVNE \u0160KOLE \u00a0\u0160kolska 2026\/2027. godina \u00a0Prvi koraci znanja po\u010dinju ovdje JU \u010cetvrta osnovna \u0161kola Ilid\u017ea-Hrasnica s rado\u0161\u0107u poziva roditelje i budu\u0107e prva\u010di\u0107e na upis u prvi razred osnovne \u0161kole. Upisni rok: 02.02. \u2013 27.02.2026. godine Sve<\/p>\n","protected":false},"author":1,"featured_media":0,"parent":0,"menu_order":0,"comment_status":"closed","ping_status":"closed","template":"","meta":{"footnotes":""},"class_list":["post-134","page","type-page","status-publish","hentry"],"_links":{"self":[{"href":"https:\/\/oscetvrta.edu.ba\/index.php?rest_route=\/wp\/v2\/pages\/134","targetHints":{"allow":["GET"]}}],"collection":[{"href":"https:\/\/oscetvrta.edu.ba\/index.php?rest_route=\/wp\/v2\/pages"}],"about":[{"href":"https:\/\/oscetvrta.edu.ba\/index.php?rest_route=\/wp\/v2\/types\/page"}],"author":[{"embeddable":true,"href":"https:\/\/oscetvrta.edu.ba\/index.php?rest_route=\/wp\/v2\/users\/1"}],"replies":[{"embeddable":true,"href":"https:\/\/oscetvrta.edu.ba\/index.php?rest_route=%2Fwp%2Fv2%2Fcomments&post=134"}],"version-history":[{"count":31,"href":"https:\/\/oscetvrta.edu.ba\/index.php?rest_route=\/wp\/v2\/pages\/134\/revisions"}],"predecessor-version":[{"id":2641,"href":"https:\/\/oscetvrta.edu.ba\/index.php?rest_route=\/wp\/v2\/pages\/134\/revisions\/2641"}],"wp:attachment":[{"href":"https:\/\/oscetvrta.edu.ba\/index.php?rest_route=%2Fwp%2Fv2%2Fmedia&parent=134"}],"curies":[{"name":"wp","href":"https:\/\/api.w.org\/{rel}","templated":true}]}}